{"id":4529,"date":"2025-07-24T17:21:35","date_gmt":"2025-07-24T17:21:35","guid":{"rendered":"https:\/\/sudefensorlatino.com\/?page_id=4529"},"modified":"2025-07-30T22:19:00","modified_gmt":"2025-07-30T22:19:00","slug":"responsabilidad-de-propiedades","status":"publish","type":"page","link":"https:\/\/sudefensorlatino.com\/es\/servicios\/responsabilidad-de-propiedades\/","title":{"rendered":"Responsabilidad de Propiedades"},"content":{"rendered":"\t\t<div data-elementor-type=\"wp-page\" data-elementor-id=\"4529\" class=\"elementor elementor-4529\">\n\t\t\t\t<div class=\"elementor-element elementor-element-2e426df e-flex e-con-boxed e-con e-parent\" data-id=\"2e426df\" data-element_type=\"container\" data-e-type=\"container\">\n\t\t\t\t\t<div class=\"e-con-inner\">\n\t\t<div class=\"elementor-element elementor-element-c847a3a e-con-full e-flex e-con e-child\" data-id=\"c847a3a\" data-element_type=\"container\" data-e-type=\"container\">\n\t\t\t\t<div class=\"elementor-element elementor-element-4edacb9 elementor-widget elementor-widget-image\" data-id=\"4edacb9\" data-element_type=\"widget\" data-e-type=\"widget\" data-widget_type=\"image.default\">\n\t\t\t\t\t\t\t\t\t\t\t\t\t\t\t<img fetchpriority=\"high\" decoding=\"async\" width=\"1500\" height=\"1000\" src=\"https:\/\/sudefensorlatino.com\/wp-content\/uploads\/2025\/07\/1970.jpg\" class=\"attachment-full size-full wp-image-4530\" alt=\"\" srcset=\"https:\/\/sudefensorlatino.com\/wp-content\/uploads\/2025\/07\/1970.jpg 1500w, https:\/\/sudefensorlatino.com\/wp-content\/uploads\/2025\/07\/1970-300x200.jpg 300w, https:\/\/sudefensorlatino.com\/wp-content\/uploads\/2025\/07\/1970-1024x683.jpg 1024w, https:\/\/sudefensorlatino.com\/wp-content\/uploads\/2025\/07\/1970-768x512.jpg 768w, https:\/\/sudefensorlatino.com\/wp-content\/uploads\/2025\/07\/1970-600x400.jpg 600w\" sizes=\"(max-width: 1500px) 100vw, 1500px\" \/>\t\t\t\t\t\t\t\t\t\t\t\t\t\t\t<\/div>\n\t\t\t\t<div class=\"elementor-element elementor-element-5babf74 elementor-widget elementor-widget-heading\" data-id=\"5babf74\" data-element_type=\"widget\" data-e-type=\"widget\" data-widget_type=\"heading.default\">\n\t\t\t\t\t<h3 class=\"elementor-heading-title elementor-size-default\">\u00a1Una propiedad insegura no debe poner en riesgo tu vida!<\/h3>\t\t\t\t<\/div>\n\t\t\r\n\t\t<div class=\"elementor-element elementor-element-5db7b3d elementor-widget elementor-widget-text-editor\" data-id=\"5db7b3d\" data-element_type=\"widget\" data-e-type=\"widget\" data-widget_type=\"text-editor.default\">\n\t\t\t\t\t\t\t\t\t<p data-start=\"371\" data-end=\"911\">\u00bfTe lesionaste en la propiedad de otra persona por una condici\u00f3n insegura? Podr\u00edas tener un caso legal.<\/p><p data-start=\"371\" data-end=\"911\">Cuando visitamos una tienda, edificio, restaurante o cualquier propiedad ajena, esperamos que ese lugar sea seguro. Sin embargo, muchas personas sufren accidentes por condiciones peligrosas o negligencia del due\u00f1o de la propiedad, como pisos mojados sin se\u00f1alizar, escaleras rotas, falta de iluminaci\u00f3n o estructuras defectuosas. Esto se conoce legalmente como responsabilidad de propiedades (<em data-start=\"772\" data-end=\"792\">premises liability<\/em>), y es un derecho que protege a quienes resultan lesionados por no haberse tomado las medidas de seguridad necesarias.<\/p><p data-start=\"913\" data-end=\"1264\">En Su Defensor Latino, sabemos que una ca\u00edda, un tropiezo o un golpe por algo mal mantenido puede significar d\u00edas sin trabajar, tratamientos m\u00e9dicos costosos y mucho estr\u00e9s emocional. Lo que muchos no saben es que estos casos s\u00ed pueden ser reclamados legalmente, y no necesitas pagar por adelantado ni tener papeles para defender tus derechos.<\/p>\t\t\t\t\t\t\t\t<\/div>\n\t\t\t\t<\/div>\n\t\t<div class=\"elementor-element elementor-element-932d58e e-con-full e-flex e-con e-child\" data-id=\"932d58e\" data-element_type=\"container\" data-e-type=\"container\">\n\t\t\t\t<div class=\"elementor-element elementor-element-da947e5 elementor-widget elementor-widget-ensafcontactinfo\" data-id=\"da947e5\" data-element_type=\"widget\" data-e-type=\"widget\" data-widget_type=\"ensafcontactinfo.default\">\n\t\t\t\t<div class=\"elementor-widget-container\">\n\t\t\t\t\t<div class=\"widget widget_call  \"><div class=\"widget-call\"><h4 class=\"box-title\">\u00bfTe ca\u00edste o te lesionaste en una propiedad ajena?<\/h4><p class=\"box_text\">Ll\u00e1manos y conoce tus derechos sin compromiso.<\/p><div class=\"widget_call\"><div class=\"info-box\"><div class=\"info-box_icon\"><i class=\"fas fa-phone\"><\/i><\/div><div><span class=\"info-box_subtitle\">Tel\u00e9fono<\/span><p class=\"info-box_text\"><a href=\"http:\/\/wa.me\/19295408823\" target=\"_blank\" class=\"info-box_link\">+19295408823<\/a><\/p><\/div><\/div><div class=\"info-box\"><div class=\"info-box_icon\"><i class=\"fa-solid fa-location-dot\"><\/i><\/div><div><span class=\"info-box_subtitle\">Ubicaci\u00f3n<\/span><p class=\"info-box_text\">1416 Astoria Park South, Queens, NY 11102, USA<\/p><\/div><\/div><\/div><\/div><\/div>\t\t\t\t<\/div>\n\t\t\t\t<\/div>\n\t\t\t\t<div class=\"elementor-element elementor-element-1887c28 elementor-widget elementor-widget-ensafservicelist\" data-id=\"1887c28\" data-element_type=\"widget\" data-e-type=\"widget\" data-widget_type=\"ensafservicelist.default\">\n\t\t\t\t<div class=\"elementor-widget-container\">\n\t\t\t\t\t<div class=\"widget widget_categories\"><h3 class=\"widget_title\">Otros Servicios<\/h3><ul><li><a href=\"https:\/\/sudefensorlatino.com\/servicios\/accidentes-de-vehiculos-motorizados\/\">Accidentes de Veh\u00edculos Motorizados<\/a><span><i class=\"fa-sharp fa-light fa-arrow-right\"><\/i><\/span><\/li><li><a href=\"https:\/\/sudefensorlatino.com\/servicios\/lesiones-personales\">Lesiones Personales<\/a><span><i class=\"fa-sharp fa-light fa-arrow-right\"><\/i><\/span><\/li><li><a href=\"https:\/\/sudefensorlatino.com\/servicios\/negligencia-medica\">Negligencia M\u00e9dica<\/a><span><i class=\"fa-sharp fa-light fa-arrow-right\"><\/i><\/span><\/li><li><a href=\"https:\/\/sudefensorlatino.com\/servicios\/agresion-fisica\">Agresi\u00f3n F\u00edsica<\/a><span><i class=\"fa-sharp fa-light fa-arrow-right\"><\/i><\/span><\/li><li><a href=\"https:\/\/sudefensorlatino.com\/servicios\/responsabilidad-por-productos-defectuosos\">Responsabilidad por Productos Defectuosos<\/a><span><i class=\"fa-sharp fa-light fa-arrow-right\"><\/i><\/span><\/li><li><a href=\"https:\/\/sudefensorlatino.com\/servicios\/responsabilidad-de-propiedades\">Responsabilidad de Propiedades<\/a><span><i class=\"fa-sharp fa-light fa-arrow-right\"><\/i><\/span><\/li><\/ul><\/div>\t\t\t\t<\/div>\n\t\t\t\t<\/div>\n\t\t\t\t<\/div>\n\t\t\t\t\t<\/div>\n\t\t\t\t<\/div>\n\t\t<div class=\"elementor-element elementor-element-44dd85c2 e-flex e-con-boxed e-con e-parent\" data-id=\"44dd85c2\" data-element_type=\"container\" data-e-type=\"container\">\n\t\t\t\t\t<div class=\"e-con-inner\">\n\t\t<div class=\"elementor-element elementor-element-26e8aa27 e-con-full e-flex e-con e-child\" data-id=\"26e8aa27\" data-element_type=\"container\" data-e-type=\"container\">\n\t\t\t\t<div class=\"elementor-element elementor-element-26c4c879 elementor-widget elementor-widget-ensafcontactform\" data-id=\"26c4c879\" data-element_type=\"widget\" data-e-type=\"widget\" data-widget_type=\"ensafcontactform.default\">\n\t\t\t\t<div class=\"elementor-widget-container\">\n\t\t\t\t\t<div class=\"contact-form style-4 ajax-contact\"><h3 class=\"form-title text-start title\">Env\u00edanos tu caso<\/h3>\n<div class=\"wpcf7 no-js\" id=\"wpcf7-f60-o1\" lang=\"es-ES\" dir=\"ltr\" data-wpcf7-id=\"60\">\n<div class=\"screen-reader-response\"><p role=\"status\" aria-live=\"polite\" aria-atomic=\"true\"><\/p> <ul><\/ul><\/div>\n<form action=\"\/es\/wp-json\/wp\/v2\/pages\/4529#wpcf7-f60-o1\" method=\"post\" class=\"wpcf7-form init\" aria-label=\"Formulario de contacto\" novalidate=\"novalidate\" data-status=\"init\">\n<fieldset class=\"hidden-fields-container\"><input type=\"hidden\" name=\"_wpcf7\" value=\"60\" \/><input type=\"hidden\" name=\"_wpcf7_version\" value=\"6.1.5\" \/><input type=\"hidden\" name=\"_wpcf7_locale\" value=\"es_ES\" \/><input type=\"hidden\" name=\"_wpcf7_unit_tag\" value=\"wpcf7-f60-o1\" \/><input type=\"hidden\" name=\"_wpcf7_container_post\" value=\"0\" \/><input type=\"hidden\" name=\"_wpcf7_posted_data_hash\" value=\"\" \/>\n<\/fieldset>\n<label> Tu nombre\n    <span class=\"wpcf7-form-control-wrap\" data-name=\"your-name\"><input size=\"40\" maxlength=\"400\" class=\"wpcf7-form-control wpcf7-text wpcf7-validates-as-required\" autocomplete=\"name\" aria-required=\"true\" aria-invalid=\"false\" value=\"\" type=\"text\" name=\"your-name\" \/><\/span> <\/label>\n\n<label> Tu correo electr\u00f3nico\n    <span class=\"wpcf7-form-control-wrap\" data-name=\"your-email\"><input size=\"40\" maxlength=\"400\" class=\"wpcf7-form-control wpcf7-email wpcf7-validates-as-required wpcf7-text wpcf7-validates-as-email\" autocomplete=\"email\" aria-required=\"true\" aria-invalid=\"false\" value=\"\" type=\"email\" name=\"your-email\" \/><\/span> <\/label>\n\n<label> Tel\u00e9fono\n     <span class=\"wpcf7-form-control-wrap\" data-name=\"tel-86\"><input size=\"40\" maxlength=\"400\" class=\"wpcf7-form-control wpcf7-tel wpcf7-validates-as-required wpcf7-text wpcf7-validates-as-tel\" aria-required=\"true\" aria-invalid=\"false\" value=\"\" type=\"tel\" name=\"tel-86\" \/><\/span> <\/label>\n\n<label> Tipo de Caso\n    <span class=\"wpcf7-form-control-wrap\" data-name=\"tipodecaso\"><select class=\"wpcf7-form-control wpcf7-select wpcf7-validates-as-required\" aria-required=\"true\" aria-invalid=\"false\" name=\"tipodecaso\"><option value=\"\">Elige una opci\u00f3n<\/option><option value=\"Accidentes de Veh\u00edculos Motorizados\">Accidentes de Veh\u00edculos Motorizados<\/option><option value=\"Lesiones Personales\">Lesiones Personales<\/option><option value=\"Negligencia M\u00e9dica\">Negligencia M\u00e9dica<\/option><option value=\"Agresi\u00f3n F\u00edsica\">Agresi\u00f3n F\u00edsica<\/option><option value=\"Responsabilidad por Productos Defectuosos\">Responsabilidad por Productos Defectuosos<\/option><option value=\"Responsabilidad de Propiedades\">Responsabilidad de Propiedades<\/option><\/select><\/span> <\/label>\n\n<label> \u00bfQu\u00e9 sucedi\u00f3? \n    <span class=\"wpcf7-form-control-wrap\" data-name=\"your-message\"><textarea cols=\"40\" rows=\"10\" maxlength=\"2000\" class=\"wpcf7-form-control wpcf7-textarea wpcf7-validates-as-required\" aria-required=\"true\" aria-invalid=\"false\" name=\"your-message\"><\/textarea><\/span> <\/label>\n\n<label> \u00bfYa cuenta con un abogado? \n<span class=\"wpcf7-form-control-wrap\" data-name=\"abogado\"><select class=\"wpcf7-form-control wpcf7-select\" aria-invalid=\"false\" name=\"abogado\"><option value=\"\">Elige una opci\u00f3n<\/option><option value=\"Si\">Si<\/option><option value=\"No\">No<\/option><\/select><\/span><\/label>\n\n\n<input class=\"wpcf7-form-control wpcf7-submit has-spinner\" type=\"submit\" value=\"Enviar\" \/><p style=\"display: none !important;\" class=\"akismet-fields-container\" data-prefix=\"_wpcf7_ak_\"><label>&#916;<textarea name=\"_wpcf7_ak_hp_textarea\" cols=\"45\" rows=\"8\" maxlength=\"100\"><\/textarea><\/label><input type=\"hidden\" id=\"ak_js_1\" name=\"_wpcf7_ak_js\" value=\"160\"\/><script>document.getElementById( \"ak_js_1\" ).setAttribute( \"value\", ( new Date() ).getTime() );<\/script><\/p><div class=\"wpcf7-response-output\" aria-hidden=\"true\"><\/div>\n<\/form>\n<\/div>\n<\/div>\t\t\t\t<\/div>\n\t\t\t\t<\/div>\n\t\t\t\t<\/div>\n\t\t<div class=\"elementor-element elementor-element-36f86b0a e-con-full e-flex e-con e-child\" data-id=\"36f86b0a\" data-element_type=\"container\" data-e-type=\"container\">\n\t\t\t\t<div class=\"elementor-element elementor-element-79e48c66 elementor-widget elementor-widget-ensafsectiontitle\" data-id=\"79e48c66\" data-element_type=\"widget\" data-e-type=\"widget\" data-widget_type=\"ensafsectiontitle.default\">\n\t\t\t\t<div class=\"elementor-widget-container\">\n\t\t\t\t\t\t\t<div class=\"title-area  \">\r\n\t\t\t<h2 class=\"sec-title \">Cada caso que recibimos es una vida que merece atenci\u00f3n y respeto<\/h2><p>En Su Defensor Latino no tratamos tu situaci\u00f3n como un simple n\u00famero en una lista. Para nosotros, cada persona que nos contacta es una historia real que merece justicia y orientaci\u00f3n humana. Por eso, cuando te ayudamos a encontrar al abogado o al m\u00e9dico indicado, lo hacemos con compromiso total, como si se tratara de nuestra propia familia.<\/p>\t\t<\/div>\r\n\r\n\t\t\t\t\t<\/div>\n\t\t\t\t<\/div>\n\t\t\t\t<div class=\"elementor-element elementor-element-1f8fbffc elementor-widget elementor-widget-image\" data-id=\"1f8fbffc\" data-element_type=\"widget\" data-e-type=\"widget\" data-widget_type=\"image.default\">\n\t\t\t\t\t\t\t\t\t\t\t\t\t\t\t<img decoding=\"async\" width=\"751\" height=\"534\" src=\"https:\/\/sudefensorlatino.com\/wp-content\/uploads\/2025\/07\/sudefensorlatino.png\" class=\"attachment-large size-large wp-image-4645\" alt=\"\" srcset=\"https:\/\/sudefensorlatino.com\/wp-content\/uploads\/2025\/07\/sudefensorlatino.png 976w, https:\/\/sudefensorlatino.com\/wp-content\/uploads\/2025\/07\/sudefensorlatino-300x213.png 300w, https:\/\/sudefensorlatino.com\/wp-content\/uploads\/2025\/07\/sudefensorlatino-768x546.png 768w, https:\/\/sudefensorlatino.com\/wp-content\/uploads\/2025\/07\/sudefensorlatino-600x427.png 600w\" sizes=\"(max-width: 751px) 100vw, 751px\" \/>\t\t\t\t\t\t\t\t\t\t\t\t\t\t\t<\/div>\n\t\t\t\t<\/div>\n\t\t\t\t\t<\/div>\n\t\t\t\t<\/div>\n\t\t<div class=\"elementor-element elementor-element-1f6f359 e-con-full elementor-hidden-desktop elementor-hidden-tablet elementor-hidden-mobile e-flex e-con e-parent\" data-id=\"1f6f359\" data-element_type=\"container\" data-e-type=\"container\">\n\t\t<div class=\"elementor-element elementor-element-29bf92a e-con-full e-flex e-con e-child\" data-id=\"29bf92a\" data-element_type=\"container\" data-e-type=\"container\" data-settings=\"{&quot;background_background&quot;:&quot;classic&quot;}\">\n\t\t<div class=\"elementor-element elementor-element-3daf6ae e-flex e-con-boxed e-con e-child\" data-id=\"3daf6ae\" data-element_type=\"container\" data-e-type=\"container\">\n\t\t\t\t\t<div class=\"e-con-inner\">\n\t\t\t\t<div class=\"elementor-element elementor-element-cd9ccbb elementor-widget elementor-widget-ensafsectiontitle\" data-id=\"cd9ccbb\" data-element_type=\"widget\" data-e-type=\"widget\" data-widget_type=\"ensafsectiontitle.default\">\n\t\t\t\t<div class=\"elementor-widget-container\">\n\t\t\t\t\t\t\t<div class=\"title-area text-left \">\r\n\t\t\t<span class=\"sub-title \">Testimonios<\/span><h2 class=\"sec-title \">Esto dicen nuestros clientes<\/h2>\t\t<\/div>\r\n\r\n\t\t\t\t\t<\/div>\n\t\t\t\t<\/div>\n\t\t\t\t<div class=\"elementor-element elementor-element-5398e34 elementor-widget elementor-widget-ensafarrows\" data-id=\"5398e34\" data-element_type=\"widget\" data-e-type=\"widget\" data-widget_type=\"ensafarrows.default\">\n\t\t\t\t<div class=\"elementor-widget-container\">\n\t\t\t\t\t<div class=\"sec-btn \"><div class=\"icon-box\"><button data-slider-prev=\"#testiSlide11\" class=\"slider-arrow default\"><i class=\"far fa-arrow-left\"><\/i><\/button><button data-slider-next=\"#testiSlide11\" class=\"slider-arrow default\"><i class=\"far fa-arrow-right\"><\/i><\/button><\/div><\/div>\t\t\t\t<\/div>\n\t\t\t\t<\/div>\n\t\t\t\t\t<\/div>\n\t\t\t\t<\/div>\n\t\t<div class=\"elementor-element elementor-element-5d893f9 e-flex e-con-boxed e-con e-child\" data-id=\"5d893f9\" data-element_type=\"container\" data-e-type=\"container\">\n\t\t\t\t\t<div class=\"e-con-inner\">\n\t\t\t\t<div class=\"elementor-element elementor-element-ec8800e elementor-widget elementor-widget-ensaftestimonialslider\" data-id=\"ec8800e\" data-element_type=\"widget\" data-e-type=\"widget\" data-widget_type=\"ensaftestimonialslider.default\">\n\t\t\t\t<div class=\"elementor-widget-container\">\n\t\t\t\t\t<div class=\"testi-card-slide\"><div class=\"swiper has-shadow th-slider\" id=\"testiSlide11\" data-slider-options='{\"breakpoints\":{\"0\":{\"slidesPerView\":1},\"576\":{\"slidesPerView\":\"1\"},\"768\":{\"slidesPerView\":\"1\"},\"992\":{\"slidesPerView\":\"2\"},\"1200\":{\"slidesPerView\":\"2\"}}}'><div class=\"swiper-wrapper\"><div class=\"swiper-slide\"><div class=\"testi-block shape-mockup-wrap\" dir=\"ltr\"><div class=\"shape-mockup testi-icon-1-top\"><img decoding=\"async\" src=\"https:\/\/wordpress.themeholy.com\/ensaf\/wp-content\/uploads\/2024\/12\/testi-icon-1-top.svg\" alt=\"testi icon 1 top\"  \/><\/div><div class=\"testi-block-top\"><div class=\"box-img\"><img decoding=\"async\" src=\"https:\/\/sudefensorlatino.com\/wp-content\/uploads\/2025\/07\/hombre-testimonio_0005_ChatGPT-Image-24-jul-2025-09_57_55.jpg\" alt=\"hombre testimonio_0005_ChatGPT Image 24 jul 2025 09_57_55\"  \/><\/div><div class=\"content\"><h3 class=\"box-title\">Esteban G\u00f3mez<\/h3><p class=\"box-desig\">T\u00e9cnico de cable<\/p><div class=\"box-review\"><i class=\"fa-solid fa-star\"><\/i><i class=\"fa-solid fa-star\"><\/i><i class=\"fa-solid fa-star\"><\/i><i class=\"fa-solid fa-star\"><\/i><i class=\"fa-solid fa-star\"><\/i><\/div><\/div><\/div><p class=\"box-text\">\u201cMe ca\u00ed por una escalera rota en un edificio donde hac\u00eda una instalaci\u00f3n. Nadie quer\u00eda reconocer el da\u00f1o. Con Su Defensor Latino consegu\u00ed un abogado que logr\u00f3 que me pagaran por la lesi\u00f3n.\u201d<\/p><\/div><\/div><div class=\"swiper-slide\"><div class=\"testi-block shape-mockup-wrap\" dir=\"ltr\"><div class=\"shape-mockup testi-icon-1-top\"><img decoding=\"async\" src=\"https:\/\/wordpress.themeholy.com\/ensaf\/wp-content\/uploads\/2024\/12\/testi-icon-1-top.svg\" alt=\"testi icon 1 top\"  \/><\/div><div class=\"testi-block-top\"><div class=\"box-img\"><img decoding=\"async\" src=\"https:\/\/sudefensorlatino.com\/wp-content\/uploads\/2025\/07\/mujeres-testimonio_0010_634fe438-b1cc-4b35-a375-f9903e917dad-copia.jpg\" alt=\"mujeres testimonio_0010_634fe438 b1cc 4b35 a375 f9903e917dad copia\"  \/><\/div><div class=\"content\"><h3 class=\"box-title\">Luz Marina Hoyos<\/h3><p class=\"box-desig\">Lavandera<\/p><div class=\"box-review\"><i class=\"fa-solid fa-star\"><\/i><i class=\"fa-solid fa-star\"><\/i><i class=\"fa-solid fa-star\"><\/i><i class=\"fa-solid fa-star\"><\/i><i class=\"fa-solid fa-star\"><\/i><\/div><\/div><\/div><p class=\"box-text\">\u201cMe resbal\u00e9 en el lobby de un edificio con piso mojado sin se\u00f1al. Gracias a Su Defensor Latino encontr\u00e9 un abogado que me ayud\u00f3 a presentar el caso. Me pagaron mis terapias y los d\u00edas que estuve sin trabajar.\u201d<\/p><\/div><\/div><div class=\"swiper-slide\"><div class=\"testi-block shape-mockup-wrap\" dir=\"ltr\"><div class=\"shape-mockup testi-icon-1-top\"><img decoding=\"async\" src=\"https:\/\/wordpress.themeholy.com\/ensaf\/wp-content\/uploads\/2024\/12\/testi-icon-1-top.svg\" alt=\"testi icon 1 top\"  \/><\/div><div class=\"testi-block-top\"><div class=\"box-img\"><img decoding=\"async\" src=\"https:\/\/sudefensorlatino.com\/wp-content\/uploads\/2025\/07\/hombre-testimonio_0002_ChatGPT-Image-24-jul-2025-10_19_35-copia.jpg\" alt=\"hombre testimonio_0002_ChatGPT Image 24 jul 2025 10_19_35 copia\"  \/><\/div><div class=\"content\"><h3 class=\"box-title\">Alejandro Torres<\/h3><p class=\"box-desig\">Carpintero<\/p><div class=\"box-review\"><i class=\"fa-solid fa-star\"><\/i><i class=\"fa-solid fa-star\"><\/i><i class=\"fa-solid fa-star\"><\/i><i class=\"fa-solid fa-star\"><\/i><i class=\"fa-solid fa-star\"><\/i><\/div><\/div><\/div><p class=\"box-text\">\u201cMientras trabajaba en una propiedad, me ca\u00ed por un hueco sin protecci\u00f3n. Su Defensor Latino me consigui\u00f3 un abogado que gan\u00f3 el caso y logr\u00e9 cubrir todos mis gastos m\u00e9dicos.\u201d<\/p><\/div><\/div><\/div><\/div><\/div>\t\t\t\t<\/div>\n\t\t\t\t<\/div>\n\t\t\t\t\t<\/div>\n\t\t\t\t<\/div>\n\t\t\t\t<\/div>\n\t\t\t\t<\/div>\n\t\t\t\t<\/div>\n\t\t","protected":false},"excerpt":{"rendered":"<p>\u00a1Una propiedad insegura no debe poner en riesgo tu vida! \u00bfTe lesionaste en la propiedad de otra persona por una condici\u00f3n insegura? Podr\u00edas tener un caso legal. Cuando visitamos una tienda, edificio, restaurante o cualquier propiedad ajena, esperamos que ese lugar sea seguro. Sin embargo, muchas personas sufren accidentes por condiciones peligrosas o negligencia del&#8230;<\/p>\n","protected":false},"author":1,"featured_media":4530,"parent":4042,"menu_order":0,"comment_status":"closed","ping_status":"closed","template":"","meta":{"footnotes":""},"class_list":["post-4529","page","type-page","status-publish","has-post-thumbnail","hentry"],"aioseo_notices":[],"_links":{"self":[{"href":"https:\/\/sudefensorlatino.com\/es\/wp-json\/wp\/v2\/pages\/4529","targetHints":{"allow":["GET"]}}],"collection":[{"href":"https:\/\/sudefensorlatino.com\/es\/wp-json\/wp\/v2\/pages"}],"about":[{"href":"https:\/\/sudefensorlatino.com\/es\/wp-json\/wp\/v2\/types\/page"}],"author":[{"embeddable":true,"href":"https:\/\/sudefensorlatino.com\/es\/wp-json\/wp\/v2\/users\/1"}],"replies":[{"embeddable":true,"href":"https:\/\/sudefensorlatino.com\/es\/wp-json\/wp\/v2\/comments?post=4529"}],"version-history":[{"count":18,"href":"https:\/\/sudefensorlatino.com\/es\/wp-json\/wp\/v2\/pages\/4529\/revisions"}],"predecessor-version":[{"id":4755,"href":"https:\/\/sudefensorlatino.com\/es\/wp-json\/wp\/v2\/pages\/4529\/revisions\/4755"}],"up":[{"embeddable":true,"href":"https:\/\/sudefensorlatino.com\/es\/wp-json\/wp\/v2\/pages\/4042"}],"wp:featuredmedia":[{"embeddable":true,"href":"https:\/\/sudefensorlatino.com\/es\/wp-json\/wp\/v2\/media\/4530"}],"wp:attachment":[{"href":"https:\/\/sudefensorlatino.com\/es\/wp-json\/wp\/v2\/media?parent=4529"}],"curies":[{"name":"wp","href":"https:\/\/api.w.org\/{rel}","templated":true}]}}