{"id":4515,"date":"2025-07-24T17:18:35","date_gmt":"2025-07-24T17:18:35","guid":{"rendered":"https:\/\/sudefensorlatino.com\/?page_id=4515"},"modified":"2025-07-30T22:29:24","modified_gmt":"2025-07-30T22:29:24","slug":"accidentes-de-vehiculos-motorizados","status":"publish","type":"page","link":"https:\/\/sudefensorlatino.com\/es\/servicios\/accidentes-de-vehiculos-motorizados\/","title":{"rendered":"Accidentes de Veh\u00edculos Motorizados"},"content":{"rendered":"\t\t<div data-elementor-type=\"wp-page\" data-elementor-id=\"4515\" class=\"elementor elementor-4515\">\n\t\t\t\t<div class=\"elementor-element elementor-element-2e426df e-flex e-con-boxed e-con e-parent\" data-id=\"2e426df\" data-element_type=\"container\" data-e-type=\"container\">\n\t\t\t\t\t<div class=\"e-con-inner\">\n\t\t<div class=\"elementor-element elementor-element-c847a3a e-con-full e-flex e-con e-child\" data-id=\"c847a3a\" data-element_type=\"container\" data-e-type=\"container\">\n\t\t\t\t<div class=\"elementor-element elementor-element-4edacb9 elementor-widget elementor-widget-image\" data-id=\"4edacb9\" data-element_type=\"widget\" data-e-type=\"widget\" data-widget_type=\"image.default\">\n\t\t\t\t\t\t\t\t\t\t\t\t\t\t\t<img fetchpriority=\"high\" decoding=\"async\" width=\"1500\" height=\"1000\" src=\"https:\/\/sudefensorlatino.com\/wp-content\/uploads\/2025\/07\/5.jpg\" class=\"attachment-full size-full wp-image-4428\" alt=\"\" srcset=\"https:\/\/sudefensorlatino.com\/wp-content\/uploads\/2025\/07\/5.jpg 1500w, https:\/\/sudefensorlatino.com\/wp-content\/uploads\/2025\/07\/5-300x200.jpg 300w, https:\/\/sudefensorlatino.com\/wp-content\/uploads\/2025\/07\/5-1024x683.jpg 1024w, https:\/\/sudefensorlatino.com\/wp-content\/uploads\/2025\/07\/5-768x512.jpg 768w, https:\/\/sudefensorlatino.com\/wp-content\/uploads\/2025\/07\/5-600x400.jpg 600w\" sizes=\"(max-width: 1500px) 100vw, 1500px\" \/>\t\t\t\t\t\t\t\t\t\t\t\t\t\t\t<\/div>\n\t\t\t\t<div class=\"elementor-element elementor-element-5babf74 elementor-widget elementor-widget-heading\" data-id=\"5babf74\" data-element_type=\"widget\" data-e-type=\"widget\" data-widget_type=\"heading.default\">\n\t\t\t\t\t<h3 class=\"elementor-heading-title elementor-size-default\">\u00a1Tu accidente no define tu futuro... pero t\u00fa defensa s\u00ed!<\/h3>\t\t\t\t<\/div>\n\t\t\r\n\t\t<div class=\"elementor-element elementor-element-5db7b3d elementor-widget elementor-widget-text-editor\" data-id=\"5db7b3d\" data-element_type=\"widget\" data-e-type=\"widget\" data-widget_type=\"text-editor.default\">\n\t\t\t\t\t\t\t\t\t<p>Si sufriste un accidente en auto, moto o fuiste atropellado, te conectamos con abogados que luchar\u00e1n por tu salud y tu compensaci\u00f3n.<\/p><p>Un accidente de veh\u00edculo motorizado es cualquier tipo de accidente relacionado con un autom\u00f3vil. Aunque muchos accidentes se deben a una colisi\u00f3n entre veh\u00edculos, tambi\u00e9n se incluyen choques con peatones, animales u objetos inm\u00f3viles.<\/p><p>Estos accidentes pueden variar en la gravedad del da\u00f1o f\u00edsico al veh\u00edculo y en las lesiones corporales de los involucrados.<\/p>\t\t\t\t\t\t\t\t<\/div>\n\t\t\t\t<\/div>\n\t\t<div class=\"elementor-element elementor-element-932d58e e-con-full e-flex e-con e-child\" data-id=\"932d58e\" data-element_type=\"container\" data-e-type=\"container\">\n\t\t\t\t<div class=\"elementor-element elementor-element-da947e5 elementor-widget elementor-widget-ensafcontactinfo\" data-id=\"da947e5\" data-element_type=\"widget\" data-e-type=\"widget\" data-widget_type=\"ensafcontactinfo.default\">\n\t\t\t\t<div class=\"elementor-widget-container\">\n\t\t\t\t\t<div class=\"widget widget_call  \"><div class=\"widget-call\"><h4 class=\"box-title\">\u00bfTuviste un accidente? \u00a1No lo enfrentes solo!<\/h4><p class=\"box_text\">Ll\u00e1manos hoy mismo y empieza tu recuperaci\u00f3n legal y m\u00e9dica.<\/p><div class=\"widget_call\"><div class=\"info-box\"><div class=\"info-box_icon\"><i class=\"fas fa-phone\"><\/i><\/div><div><span class=\"info-box_subtitle\">Tel\u00e9fono<\/span><p class=\"info-box_text\"><a href=\"http:\/\/wa.me\/19295408823\" target=\"_blank\" class=\"info-box_link\">+19295408823<\/a><\/p><\/div><\/div><div class=\"info-box\"><div class=\"info-box_icon\"><i class=\"fa-solid fa-location-dot\"><\/i><\/div><div><span class=\"info-box_subtitle\">Ubicaci\u00f3n<\/span><p class=\"info-box_text\">1416 Astoria Park South, Queens, NY 11102, USA<\/p><\/div><\/div><\/div><\/div><\/div>\t\t\t\t<\/div>\n\t\t\t\t<\/div>\n\t\t\t\t<div class=\"elementor-element elementor-element-6644847 elementor-widget elementor-widget-ensafservicelist\" data-id=\"6644847\" data-element_type=\"widget\" data-e-type=\"widget\" data-widget_type=\"ensafservicelist.default\">\n\t\t\t\t<div class=\"elementor-widget-container\">\n\t\t\t\t\t<div class=\"widget widget_categories\"><h3 class=\"widget_title\">Otros Servicios<\/h3><ul><li><a href=\"https:\/\/sudefensorlatino.com\/servicios\/accidentes-de-vehiculos-motorizados\/\">Accidentes de Veh\u00edculos Motorizados<\/a><span><i class=\"fa-sharp fa-light fa-arrow-right\"><\/i><\/span><\/li><li><a href=\"https:\/\/sudefensorlatino.com\/servicios\/lesiones-personales\">Lesiones Personales<\/a><span><i class=\"fa-sharp fa-light fa-arrow-right\"><\/i><\/span><\/li><li><a href=\"https:\/\/sudefensorlatino.com\/servicios\/negligencia-medica\">Negligencia M\u00e9dica<\/a><span><i class=\"fa-sharp fa-light fa-arrow-right\"><\/i><\/span><\/li><li><a href=\"https:\/\/sudefensorlatino.com\/servicios\/agresion-fisica\">Agresi\u00f3n F\u00edsica<\/a><span><i class=\"fa-sharp fa-light fa-arrow-right\"><\/i><\/span><\/li><li><a href=\"https:\/\/sudefensorlatino.com\/servicios\/responsabilidad-por-productos-defectuosos\">Responsabilidad por Productos Defectuosos<\/a><span><i class=\"fa-sharp fa-light fa-arrow-right\"><\/i><\/span><\/li><li><a href=\"https:\/\/sudefensorlatino.com\/servicios\/responsabilidad-de-propiedades\">Responsabilidad de Propiedades<\/a><span><i class=\"fa-sharp fa-light fa-arrow-right\"><\/i><\/span><\/li><\/ul><\/div>\t\t\t\t<\/div>\n\t\t\t\t<\/div>\n\t\t\t\t<\/div>\n\t\t\t\t\t<\/div>\n\t\t\t\t<\/div>\n\t\t<div class=\"elementor-element elementor-element-a96e516 e-flex e-con-boxed e-con e-parent\" data-id=\"a96e516\" data-element_type=\"container\" data-e-type=\"container\">\n\t\t\t\t\t<div class=\"e-con-inner\">\n\t\t<div class=\"elementor-element elementor-element-07639b9 e-con-full e-flex e-con e-child\" data-id=\"07639b9\" data-element_type=\"container\" data-e-type=\"container\">\n\t\t\t\t<div class=\"elementor-element elementor-element-43825c5 elementor-widget elementor-widget-ensafcontactform\" data-id=\"43825c5\" data-element_type=\"widget\" data-e-type=\"widget\" data-widget_type=\"ensafcontactform.default\">\n\t\t\t\t<div class=\"elementor-widget-container\">\n\t\t\t\t\t<div class=\"contact-form style-4 ajax-contact\"><h3 class=\"form-title text-start title\">Env\u00edanos tu caso<\/h3>\n<div class=\"wpcf7 no-js\" id=\"wpcf7-f60-o1\" lang=\"es-ES\" dir=\"ltr\" data-wpcf7-id=\"60\">\n<div class=\"screen-reader-response\"><p role=\"status\" aria-live=\"polite\" aria-atomic=\"true\"><\/p> <ul><\/ul><\/div>\n<form action=\"\/es\/wp-json\/wp\/v2\/pages\/4515#wpcf7-f60-o1\" method=\"post\" class=\"wpcf7-form init\" aria-label=\"Formulario de contacto\" novalidate=\"novalidate\" data-status=\"init\">\n<fieldset class=\"hidden-fields-container\"><input type=\"hidden\" name=\"_wpcf7\" value=\"60\" \/><input type=\"hidden\" name=\"_wpcf7_version\" value=\"6.1.5\" \/><input type=\"hidden\" name=\"_wpcf7_locale\" value=\"es_ES\" \/><input type=\"hidden\" name=\"_wpcf7_unit_tag\" value=\"wpcf7-f60-o1\" \/><input type=\"hidden\" name=\"_wpcf7_container_post\" value=\"0\" \/><input type=\"hidden\" name=\"_wpcf7_posted_data_hash\" value=\"\" \/>\n<\/fieldset>\n<label> Tu nombre\n    <span class=\"wpcf7-form-control-wrap\" data-name=\"your-name\"><input size=\"40\" maxlength=\"400\" class=\"wpcf7-form-control wpcf7-text wpcf7-validates-as-required\" autocomplete=\"name\" aria-required=\"true\" aria-invalid=\"false\" value=\"\" type=\"text\" name=\"your-name\" \/><\/span> <\/label>\n\n<label> Tu correo electr\u00f3nico\n    <span class=\"wpcf7-form-control-wrap\" data-name=\"your-email\"><input size=\"40\" maxlength=\"400\" class=\"wpcf7-form-control wpcf7-email wpcf7-validates-as-required wpcf7-text wpcf7-validates-as-email\" autocomplete=\"email\" aria-required=\"true\" aria-invalid=\"false\" value=\"\" type=\"email\" name=\"your-email\" \/><\/span> <\/label>\n\n<label> Tel\u00e9fono\n     <span class=\"wpcf7-form-control-wrap\" data-name=\"tel-86\"><input size=\"40\" maxlength=\"400\" class=\"wpcf7-form-control wpcf7-tel wpcf7-validates-as-required wpcf7-text wpcf7-validates-as-tel\" aria-required=\"true\" aria-invalid=\"false\" value=\"\" type=\"tel\" name=\"tel-86\" \/><\/span> <\/label>\n\n<label> Tipo de Caso\n    <span class=\"wpcf7-form-control-wrap\" data-name=\"tipodecaso\"><select class=\"wpcf7-form-control wpcf7-select wpcf7-validates-as-required\" aria-required=\"true\" aria-invalid=\"false\" name=\"tipodecaso\"><option value=\"\">Elige una opci\u00f3n<\/option><option value=\"Accidentes de Veh\u00edculos Motorizados\">Accidentes de Veh\u00edculos Motorizados<\/option><option value=\"Lesiones Personales\">Lesiones Personales<\/option><option value=\"Negligencia M\u00e9dica\">Negligencia M\u00e9dica<\/option><option value=\"Agresi\u00f3n F\u00edsica\">Agresi\u00f3n F\u00edsica<\/option><option value=\"Responsabilidad por Productos Defectuosos\">Responsabilidad por Productos Defectuosos<\/option><option value=\"Responsabilidad de Propiedades\">Responsabilidad de Propiedades<\/option><\/select><\/span> <\/label>\n\n<label> \u00bfQu\u00e9 sucedi\u00f3? \n    <span class=\"wpcf7-form-control-wrap\" data-name=\"your-message\"><textarea cols=\"40\" rows=\"10\" maxlength=\"2000\" class=\"wpcf7-form-control wpcf7-textarea wpcf7-validates-as-required\" aria-required=\"true\" aria-invalid=\"false\" name=\"your-message\"><\/textarea><\/span> <\/label>\n\n<label> \u00bfYa cuenta con un abogado? \n<span class=\"wpcf7-form-control-wrap\" data-name=\"abogado\"><select class=\"wpcf7-form-control wpcf7-select\" aria-invalid=\"false\" name=\"abogado\"><option value=\"\">Elige una opci\u00f3n<\/option><option value=\"Si\">Si<\/option><option value=\"No\">No<\/option><\/select><\/span><\/label>\n\n\n<input class=\"wpcf7-form-control wpcf7-submit has-spinner\" type=\"submit\" value=\"Enviar\" \/><p style=\"display: none !important;\" class=\"akismet-fields-container\" data-prefix=\"_wpcf7_ak_\"><label>&#916;<textarea name=\"_wpcf7_ak_hp_textarea\" cols=\"45\" rows=\"8\" maxlength=\"100\"><\/textarea><\/label><input type=\"hidden\" id=\"ak_js_1\" name=\"_wpcf7_ak_js\" value=\"235\"\/><script>document.getElementById( \"ak_js_1\" ).setAttribute( \"value\", ( new Date() ).getTime() );<\/script><\/p><div class=\"wpcf7-response-output\" aria-hidden=\"true\"><\/div>\n<\/form>\n<\/div>\n<\/div>\t\t\t\t<\/div>\n\t\t\t\t<\/div>\n\t\t\t\t<\/div>\n\t\t<div class=\"elementor-element elementor-element-c90be2c e-con-full e-flex e-con e-child\" data-id=\"c90be2c\" data-element_type=\"container\" data-e-type=\"container\">\n\t\t\t\t<div class=\"elementor-element elementor-element-14701c0 elementor-widget elementor-widget-ensafsectiontitle\" data-id=\"14701c0\" data-element_type=\"widget\" data-e-type=\"widget\" data-widget_type=\"ensafsectiontitle.default\">\n\t\t\t\t<div class=\"elementor-widget-container\">\n\t\t\t\t\t\t\t<div class=\"title-area  \">\r\n\t\t\t<h2 class=\"sec-title \">Cada caso que recibimos es una vida que merece atenci\u00f3n y respeto<\/h2><p>En Su Defensor Latino no tratamos tu situaci\u00f3n como un simple n\u00famero en una lista. Para nosotros, cada persona que nos contacta es una historia real que merece justicia y orientaci\u00f3n humana. Por eso, cuando te ayudamos a encontrar al abogado o al m\u00e9dico indicado, lo hacemos con compromiso total, como si se tratara de nuestra propia familia.<\/p>\t\t<\/div>\r\n\r\n\t\t\t\t\t<\/div>\n\t\t\t\t<\/div>\n\t\t\t\t<div class=\"elementor-element elementor-element-2df807f elementor-widget elementor-widget-image\" data-id=\"2df807f\" data-element_type=\"widget\" data-e-type=\"widget\" data-widget_type=\"image.default\">\n\t\t\t\t\t\t\t\t\t\t\t\t\t\t\t<img decoding=\"async\" width=\"751\" height=\"534\" src=\"https:\/\/sudefensorlatino.com\/wp-content\/uploads\/2025\/07\/sudefensorlatino.png\" class=\"attachment-large size-large wp-image-4645\" alt=\"\" srcset=\"https:\/\/sudefensorlatino.com\/wp-content\/uploads\/2025\/07\/sudefensorlatino.png 976w, https:\/\/sudefensorlatino.com\/wp-content\/uploads\/2025\/07\/sudefensorlatino-300x213.png 300w, https:\/\/sudefensorlatino.com\/wp-content\/uploads\/2025\/07\/sudefensorlatino-768x546.png 768w, https:\/\/sudefensorlatino.com\/wp-content\/uploads\/2025\/07\/sudefensorlatino-600x427.png 600w\" sizes=\"(max-width: 751px) 100vw, 751px\" \/>\t\t\t\t\t\t\t\t\t\t\t\t\t\t\t<\/div>\n\t\t\t\t<\/div>\n\t\t\t\t\t<\/div>\n\t\t\t\t<\/div>\n\t\t<div class=\"elementor-element elementor-element-1f6f359 e-con-full elementor-hidden-desktop elementor-hidden-tablet elementor-hidden-mobile e-flex e-con e-parent\" data-id=\"1f6f359\" data-element_type=\"container\" data-e-type=\"container\">\n\t\t<div class=\"elementor-element elementor-element-29bf92a e-con-full e-flex e-con e-child\" data-id=\"29bf92a\" data-element_type=\"container\" data-e-type=\"container\" data-settings=\"{&quot;background_background&quot;:&quot;classic&quot;}\">\n\t\t<div class=\"elementor-element elementor-element-3daf6ae e-flex e-con-boxed e-con e-child\" data-id=\"3daf6ae\" data-element_type=\"container\" data-e-type=\"container\">\n\t\t\t\t\t<div class=\"e-con-inner\">\n\t\t\t\t<div class=\"elementor-element elementor-element-cd9ccbb elementor-widget elementor-widget-ensafsectiontitle\" data-id=\"cd9ccbb\" data-element_type=\"widget\" data-e-type=\"widget\" data-widget_type=\"ensafsectiontitle.default\">\n\t\t\t\t<div class=\"elementor-widget-container\">\n\t\t\t\t\t\t\t<div class=\"title-area text-left \">\r\n\t\t\t<span class=\"sub-title \">Testimonios<\/span><h2 class=\"sec-title \">Esto dicen nuestros clientes<\/h2>\t\t<\/div>\r\n\r\n\t\t\t\t\t<\/div>\n\t\t\t\t<\/div>\n\t\t\t\t<div class=\"elementor-element elementor-element-5398e34 elementor-widget elementor-widget-ensafarrows\" data-id=\"5398e34\" data-element_type=\"widget\" data-e-type=\"widget\" data-widget_type=\"ensafarrows.default\">\n\t\t\t\t<div class=\"elementor-widget-container\">\n\t\t\t\t\t<div class=\"sec-btn \"><div class=\"icon-box\"><button data-slider-prev=\"#testiSlide11\" class=\"slider-arrow default\"><i class=\"far fa-arrow-left\"><\/i><\/button><button data-slider-next=\"#testiSlide11\" class=\"slider-arrow default\"><i class=\"far fa-arrow-right\"><\/i><\/button><\/div><\/div>\t\t\t\t<\/div>\n\t\t\t\t<\/div>\n\t\t\t\t\t<\/div>\n\t\t\t\t<\/div>\n\t\t<div class=\"elementor-element elementor-element-5d893f9 e-flex e-con-boxed e-con e-child\" data-id=\"5d893f9\" data-element_type=\"container\" data-e-type=\"container\">\n\t\t\t\t\t<div class=\"e-con-inner\">\n\t\t\t\t<div class=\"elementor-element elementor-element-ec8800e elementor-widget elementor-widget-ensaftestimonialslider\" data-id=\"ec8800e\" data-element_type=\"widget\" data-e-type=\"widget\" data-widget_type=\"ensaftestimonialslider.default\">\n\t\t\t\t<div class=\"elementor-widget-container\">\n\t\t\t\t\t<div class=\"testi-card-slide\"><div class=\"swiper has-shadow th-slider\" id=\"testiSlide11\" data-slider-options='{\"breakpoints\":{\"0\":{\"slidesPerView\":1},\"576\":{\"slidesPerView\":\"1\"},\"768\":{\"slidesPerView\":\"1\"},\"992\":{\"slidesPerView\":\"2\"},\"1200\":{\"slidesPerView\":\"2\"}}}'><div class=\"swiper-wrapper\"><div class=\"swiper-slide\"><div class=\"testi-block shape-mockup-wrap\" dir=\"ltr\"><div class=\"shape-mockup testi-icon-1-top\"><img decoding=\"async\" src=\"https:\/\/wordpress.themeholy.com\/ensaf\/wp-content\/uploads\/2024\/12\/testi-icon-1-top.svg\" alt=\"testi icon 1 top\"  \/><\/div><div class=\"testi-block-top\"><div class=\"box-img\"><img decoding=\"async\" src=\"https:\/\/sudefensorlatino.com\/wp-content\/uploads\/2025\/07\/mujeres-testimonio_0000_ChatGPT-Image-24-jul-2025-10_46_47-copia-3.jpg\" alt=\"mujeres testimonio_0000_ChatGPT Image 24 jul 2025 10_46_47 copia 3\"  \/><\/div><div class=\"content\"><h3 class=\"box-title\">Carolina G\u00f3mez<\/h3><p class=\"box-desig\">Ni\u00f1era<\/p><div class=\"box-review\"><i class=\"fa-solid fa-star\"><\/i><i class=\"fa-solid fa-star\"><\/i><i class=\"fa-solid fa-star\"><\/i><i class=\"fa-solid fa-star\"><\/i><i class=\"fa-solid fa-star\"><\/i><\/div><\/div><\/div><p class=\"box-text\">\u201cUn taxi me choc\u00f3 cuando cruzaba la calle. Me fractur\u00e9 la pierna y no sab\u00eda a qui\u00e9n acudir. Llam\u00e9 a Su Defensor Latino y me ayudaron a encontrar un abogado que se encarg\u00f3 de todo. Recib\u00ed atenci\u00f3n m\u00e9dica sin pagar nada y una compensaci\u00f3n que me permiti\u00f3 recuperarme tranquila.\u201d<\/p><\/div><\/div><div class=\"swiper-slide\"><div class=\"testi-block shape-mockup-wrap\" dir=\"ltr\"><div class=\"shape-mockup testi-icon-1-top\"><img decoding=\"async\" src=\"https:\/\/wordpress.themeholy.com\/ensaf\/wp-content\/uploads\/2024\/12\/testi-icon-1-top.svg\" alt=\"testi icon 1 top\"  \/><\/div><div class=\"testi-block-top\"><div class=\"box-img\"><img decoding=\"async\" src=\"https:\/\/sudefensorlatino.com\/wp-content\/uploads\/2025\/07\/hombre-testimonio_0006_ChatGPT-Image-24-jul-2025-09_55_18-copia-3.jpg\" alt=\"hombre testimonio_0006_ChatGPT Image 24 jul 2025 09_55_18 copia 3\"  \/><\/div><div class=\"content\"><h3 class=\"box-title\">Mario S\u00e1nchez<\/h3><p class=\"box-desig\">Conductor de reparto<\/p><div class=\"box-review\"><i class=\"fa-solid fa-star\"><\/i><i class=\"fa-solid fa-star\"><\/i><i class=\"fa-solid fa-star\"><\/i><i class=\"fa-solid fa-star\"><\/i><i class=\"fa-solid fa-star\"><\/i><\/div><\/div><\/div><p class=\"box-text\">\u201cTuve un choque cuando otro carro se pas\u00f3 un sem\u00e1foro en rojo. Gracias a Su Defensor Latino, encontr\u00e9 un abogado que pele\u00f3 con el seguro y logramos cubrir los da\u00f1os al carro y los gastos m\u00e9dicos. El proceso fue r\u00e1pido y en espa\u00f1ol, lo que me dio mucha confianza.\u201d<\/p><\/div><\/div><div class=\"swiper-slide\"><div class=\"testi-block shape-mockup-wrap\" dir=\"ltr\"><div class=\"shape-mockup testi-icon-1-top\"><img decoding=\"async\" src=\"https:\/\/wordpress.themeholy.com\/ensaf\/wp-content\/uploads\/2024\/12\/testi-icon-1-top.svg\" alt=\"testi icon 1 top\"  \/><\/div><div class=\"testi-block-top\"><div class=\"box-img\"><img decoding=\"async\" src=\"https:\/\/sudefensorlatino.com\/wp-content\/uploads\/2025\/07\/testimonios_0007_Capa-1-copia-3.jpg\" alt=\"testimonios_0007_Capa 1 copia 3\"  \/><\/div><div class=\"content\"><h3 class=\"box-title\">Belkis Jim\u00e9nez<\/h3><p class=\"box-desig\">Ama de casa<\/p><div class=\"box-review\"><i class=\"fa-solid fa-star\"><\/i><i class=\"fa-solid fa-star\"><\/i><i class=\"fa-solid fa-star\"><\/i><i class=\"fa-solid fa-star\"><\/i><i class=\"fa-solid fa-star\"><\/i><\/div><\/div><\/div><p class=\"box-text\">\u201cMi hijo y yo est\u00e1bamos en un Uber cuando otro coche nos choc\u00f3. Estaba muy asustada, pero llam\u00e9 a Su Defensor Latino y me explicaron todo con paciencia. Ellos se encargaron de conectarnos con un abogado y m\u00e9dico que nos ayudaron much\u00edsimo.\u201d<\/p><\/div><\/div><\/div><\/div><\/div>\t\t\t\t<\/div>\n\t\t\t\t<\/div>\n\t\t\t\t\t<\/div>\n\t\t\t\t<\/div>\n\t\t\t\t<\/div>\n\t\t\t\t<\/div>\n\t\t\t\t<\/div>\n\t\t","protected":false},"excerpt":{"rendered":"<p>\u00a1Tu accidente no define tu futuro&#8230; pero t\u00fa defensa s\u00ed! Si sufriste un accidente en auto, moto o fuiste atropellado, te conectamos con abogados que luchar\u00e1n por tu salud y tu compensaci\u00f3n. Un accidente de veh\u00edculo motorizado es cualquier tipo de accidente relacionado con un autom\u00f3vil. Aunque muchos accidentes se deben a una colisi\u00f3n entre&#8230;<\/p>\n","protected":false},"author":1,"featured_media":4428,"parent":4042,"menu_order":0,"comment_status":"closed","ping_status":"closed","template":"template-builder.php","meta":{"footnotes":""},"class_list":["post-4515","page","type-page","status-publish","has-post-thumbnail","hentry"],"aioseo_notices":[],"_links":{"self":[{"href":"https:\/\/sudefensorlatino.com\/es\/wp-json\/wp\/v2\/pages\/4515","targetHints":{"allow":["GET"]}}],"collection":[{"href":"https:\/\/sudefensorlatino.com\/es\/wp-json\/wp\/v2\/pages"}],"about":[{"href":"https:\/\/sudefensorlatino.com\/es\/wp-json\/wp\/v2\/types\/page"}],"author":[{"embeddable":true,"href":"https:\/\/sudefensorlatino.com\/es\/wp-json\/wp\/v2\/users\/1"}],"replies":[{"embeddable":true,"href":"https:\/\/sudefensorlatino.com\/es\/wp-json\/wp\/v2\/comments?post=4515"}],"version-history":[{"count":28,"href":"https:\/\/sudefensorlatino.com\/es\/wp-json\/wp\/v2\/pages\/4515\/revisions"}],"predecessor-version":[{"id":4758,"href":"https:\/\/sudefensorlatino.com\/es\/wp-json\/wp\/v2\/pages\/4515\/revisions\/4758"}],"up":[{"embeddable":true,"href":"https:\/\/sudefensorlatino.com\/es\/wp-json\/wp\/v2\/pages\/4042"}],"wp:featuredmedia":[{"embeddable":true,"href":"https:\/\/sudefensorlatino.com\/es\/wp-json\/wp\/v2\/media\/4428"}],"wp:attachment":[{"href":"https:\/\/sudefensorlatino.com\/es\/wp-json\/wp\/v2\/media?parent=4515"}],"curies":[{"name":"wp","href":"https:\/\/api.w.org\/{rel}","templated":true}]}}