{"id":4042,"date":"2024-12-17T05:24:23","date_gmt":"2024-12-17T05:24:23","guid":{"rendered":"https:\/\/wordpress.themeholy.com\/ensaf\/?page_id=53"},"modified":"2025-07-24T23:14:11","modified_gmt":"2025-07-24T23:14:11","slug":"servicios","status":"publish","type":"page","link":"https:\/\/sudefensorlatino.com\/es\/servicios\/","title":{"rendered":"Servicios"},"content":{"rendered":"\t\t<div data-elementor-type=\"wp-page\" data-elementor-id=\"4042\" class=\"elementor elementor-4042\">\n\t\t\t\t<div class=\"elementor-element elementor-element-7c74ae0 e-flex e-con-boxed e-con e-parent\" data-id=\"7c74ae0\" data-element_type=\"container\" data-e-type=\"container\">\n\t\t\t\t\t<div class=\"e-con-inner\">\n\t\t\r\n\t\t<div class=\"elementor-element elementor-element-2be47c1 elementor-widget elementor-widget-ensafsectiontitle\" data-id=\"2be47c1\" data-element_type=\"widget\" data-e-type=\"widget\" data-widget_type=\"ensafsectiontitle.default\">\n\t\t\t\t<div class=\"elementor-widget-container\">\n\t\t\t\t\t\t\t<div class=\"title-area text-center \">\r\n\t\t\t<span class=\"sub-title \">Casos que importan. Personas que importan.<\/span><h2 class=\"sec-title \">Cada caso que recibimos es una vida que merece atenci\u00f3n y respeto<\/h2><p class=\"sec-text\">En Su Defensor Latino no tratamos tu situaci\u00f3n como un simple n\u00famero en una lista. Para nosotros, cada persona que nos contacta es una historia real que merece justicia y orientaci\u00f3n humana. Por eso, cuando te ayudamos a encontrar al abogado o al m\u00e9dico indicado, lo hacemos con compromiso total, como si se tratara de nuestra propia familia.\nSea cual sea tu caso \u2014accidente, lesi\u00f3n, situaci\u00f3n legal o migratoria\u2014 estamos aqu\u00ed para escucharte, acompa\u00f1arte y darte soluciones reales.\n\n<\/p>\t\t<\/div>\r\n\r\n\t\t\t\t\t<\/div>\n\t\t\t\t<\/div>\n\t\t\t\t<div class=\"elementor-element elementor-element-aff50e6 elementor-widget elementor-widget-ensafservice\" data-id=\"aff50e6\" data-element_type=\"widget\" data-e-type=\"widget\" data-widget_type=\"ensafservice.default\">\n\t\t\t\t<div class=\"elementor-widget-container\">\n\t\t\t\t\t<div class=\"row gy-30 justify-content-center\"><div class=\"col-xl-4 col-md-6\"><div class=\"service-card\"><div class=\"box-icon\"><img decoding=\"async\" src=\"https:\/\/sudefensorlatino.com\/wp-content\/uploads\/2025\/07\/accidente-moto.svg\" alt=\"accidente moto\"  \/><\/div><div class=\"box-content\"><h3 class=\"box-title\"><a href=\"https:\/\/sudefensorlatino.com\/servicios\/accidentes-de-vehiculos-motorizados\/\">Accidentes de Veh\u00edculos Motorizados<\/a><\/h3><p class=\"box-text\">Si sufriste un accidente en auto, moto o fuiste atropellado, te conectamos con abogados que luchar\u00e1n por tu salud y tu compensaci\u00f3n.<\/p><\/div><a href=\"https:\/\/sudefensorlatino.com\/servicios\/accidentes-de-vehiculos-motorizados\/\" class=\"link-btn\">Ver m\u00e1s<i class=\"fa-regular fa-arrow-right-long\"><\/i><\/a><\/div><\/div><div class=\"col-xl-4 col-md-6\"><div class=\"service-card\"><div class=\"box-icon\"><img decoding=\"async\" src=\"https:\/\/sudefensorlatino.com\/wp-content\/uploads\/2025\/07\/lesiones-personales.svg\" alt=\"lesiones personales\"  \/><\/div><div class=\"box-content\"><h3 class=\"box-title\"><a href=\"https:\/\/sudefensorlatino.com\/servicios\/lesiones-personales\/\">Lesiones Personales<\/a><\/h3><p class=\"box-text\">\u00bfFuiste v\u00edctima de una lesi\u00f3n causada por otra persona? Podr\u00edas tener derecho a una compensaci\u00f3n. Te ayudamos a reclamarla.\n\n<\/p><\/div><a href=\"https:\/\/sudefensorlatino.com\/servicios\/lesiones-personales\/\" class=\"link-btn\">Ver m\u00e1s<i class=\"fa-regular fa-arrow-right-long\"><\/i><\/a><\/div><\/div><div class=\"col-xl-4 col-md-6\"><div class=\"service-card\"><div class=\"box-icon\"><img decoding=\"async\" src=\"https:\/\/sudefensorlatino.com\/wp-content\/uploads\/2025\/07\/negligencia-medica.svg\" alt=\"negligencia medica\"  \/><\/div><div class=\"box-content\"><h3 class=\"box-title\"><a href=\"https:\/\/sudefensorlatino.com\/servicios\/negligencia-medica\/\">Negligencia M\u00e9dica<\/a><\/h3><p class=\"box-text\">Si un m\u00e9dico cometi\u00f3 un error que te caus\u00f3 da\u00f1o, podemos ayudarte a encontrar justicia con un abogado especializado.\n\n<\/p><\/div><a href=\"https:\/\/sudefensorlatino.com\/servicios\/negligencia-medica\/\" class=\"link-btn\">Ver M\u00e1s<i class=\"fa-regular fa-arrow-right-long\"><\/i><\/a><\/div><\/div><div class=\"col-xl-4 col-md-6\"><div class=\"service-card\"><div class=\"box-icon\"><img decoding=\"async\" src=\"https:\/\/sudefensorlatino.com\/wp-content\/uploads\/2025\/07\/agresion-fisica-1.svg\" alt=\"agresion fisica 1\"  \/><\/div><div class=\"box-content\"><h3 class=\"box-title\"><a href=\"https:\/\/sudefensorlatino.com\/servicios\/agresion-fisica\/\">Agresi\u00f3n F\u00edsica<\/a><\/h3><p class=\"box-text\">Si fuiste v\u00edctima de una agresi\u00f3n f\u00edsica, te ayudamos a buscar justicia legal y m\u00e9dica inmediata.\n\n<\/p><\/div><a href=\"https:\/\/sudefensorlatino.com\/servicios\/agresion-fisica\/\" class=\"link-btn\">Leer M\u00e1s<i class=\"fa-regular fa-arrow-right-long\"><\/i><\/a><\/div><\/div><div class=\"col-xl-4 col-md-6\"><div class=\"service-card\"><div class=\"box-icon\"><img decoding=\"async\" src=\"https:\/\/sudefensorlatino.com\/wp-content\/uploads\/2025\/07\/productos-defectuosos.svg\" alt=\"productos defectuosos\"  \/><\/div><div class=\"box-content\"><h3 class=\"box-title\"><a href=\"https:\/\/sudefensorlatino.com\/servicios\/responsabilidad-por-productos-defectuosos\/\">Responsabilidad por Productos Defectuosos<\/a><\/h3><p class=\"box-text\">Si un producto defectuoso te caus\u00f3 da\u00f1o, podr\u00edas tener derecho a una compensaci\u00f3n. Nosotros te conectamos con un abogado.\n\n<\/p><\/div><a href=\"https:\/\/sudefensorlatino.com\/servicios\/responsabilidad-por-productos-defectuosos\/\" class=\"link-btn\">Leer M\u00e1s<i class=\"fa-regular fa-arrow-right-long\"><\/i><\/a><\/div><\/div><div class=\"col-xl-4 col-md-6\"><div class=\"service-card\"><div class=\"box-icon\"><img decoding=\"async\" src=\"https:\/\/sudefensorlatino.com\/wp-content\/uploads\/2025\/07\/lesion-propiedad-otra-persona.svg\" alt=\"lesion propiedad otra persona\"  \/><\/div><div class=\"box-content\"><h3 class=\"box-title\"><a href=\"https:\/\/sudefensorlatino.com\/servicios\/responsabilidad-de-propiedades\/\">Responsabilidad de Propiedades<\/a><\/h3><p class=\"box-text\">\u00bfTe lesionaste en la propiedad de otra persona por una condici\u00f3n insegura? Podr\u00edas tener un caso legal.<\/p><\/div><a href=\"https:\/\/sudefensorlatino.com\/servicios\/responsabilidad-de-propiedades\/\" class=\"link-btn\">Leer M\u00e1s<i class=\"fa-regular fa-arrow-right-long\"><\/i><\/a><\/div><\/div><\/div>\t\t\t\t<\/div>\n\t\t\t\t<\/div>\n\t\t\t\t\t<\/div>\n\t\t\t\t<\/div>\n\t\t\t\t<\/div>\n\t\t","protected":false},"excerpt":{"rendered":"<p>Casos que importan. Personas que importan. Cada caso que recibimos es una vida que merece atenci\u00f3n y respeto En Su Defensor Latino no tratamos tu situaci\u00f3n como un simple n\u00famero en una lista. Para nosotros, cada persona que nos contacta es una historia real que merece justicia y orientaci\u00f3n humana. Por eso, cuando te ayudamos&#8230;<\/p>\n","protected":false},"author":1,"featured_media":0,"parent":0,"menu_order":0,"comment_status":"closed","ping_status":"closed","template":"template-builder.php","meta":{"footnotes":""},"class_list":["post-4042","page","type-page","status-publish","hentry"],"aioseo_notices":[],"_links":{"self":[{"href":"https:\/\/sudefensorlatino.com\/es\/wp-json\/wp\/v2\/pages\/4042","targetHints":{"allow":["GET"]}}],"collection":[{"href":"https:\/\/sudefensorlatino.com\/es\/wp-json\/wp\/v2\/pages"}],"about":[{"href":"https:\/\/sudefensorlatino.com\/es\/wp-json\/wp\/v2\/types\/page"}],"author":[{"embeddable":true,"href":"https:\/\/sudefensorlatino.com\/es\/wp-json\/wp\/v2\/users\/1"}],"replies":[{"embeddable":true,"href":"https:\/\/sudefensorlatino.com\/es\/wp-json\/wp\/v2\/comments?post=4042"}],"version-history":[{"count":51,"href":"https:\/\/sudefensorlatino.com\/es\/wp-json\/wp\/v2\/pages\/4042\/revisions"}],"predecessor-version":[{"id":4583,"href":"https:\/\/sudefensorlatino.com\/es\/wp-json\/wp\/v2\/pages\/4042\/revisions\/4583"}],"wp:attachment":[{"href":"https:\/\/sudefensorlatino.com\/es\/wp-json\/wp\/v2\/media?parent=4042"}],"curies":[{"name":"wp","href":"https:\/\/api.w.org\/{rel}","templated":true}]}}