{"id":4472,"date":"2025-07-24T16:19:08","date_gmt":"2025-07-24T16:19:08","guid":{"rendered":"https:\/\/sudefensorlatino.com\/?page_id=4472"},"modified":"2025-07-30T22:17:57","modified_gmt":"2025-07-30T22:17:57","slug":"lesiones-personales","status":"publish","type":"page","link":"https:\/\/sudefensorlatino.com\/en\/servicios\/lesiones-personales\/","title":{"rendered":"Personal Injury"},"content":{"rendered":"<div data-elementor-type=\"wp-page\" data-elementor-id=\"4472\" class=\"elementor elementor-4472\">\n\t\t\t\t<div class=\"elementor-element elementor-element-2e426df e-flex e-con-boxed e-con e-parent\" data-id=\"2e426df\" data-element_type=\"container\" data-e-type=\"container\">\n\t\t\t\t\t<div class=\"e-con-inner\">\n\t\t<div class=\"elementor-element elementor-element-c847a3a e-con-full e-flex e-con e-child\" data-id=\"c847a3a\" data-element_type=\"container\" data-e-type=\"container\">\n\t\t\t\t<div class=\"elementor-element elementor-element-4edacb9 elementor-widget elementor-widget-image\" data-id=\"4edacb9\" data-element_type=\"widget\" data-e-type=\"widget\" data-widget_type=\"image.default\">\n\t\t\t\t\t\t\t\t\t\t\t\t\t\t\t<img fetchpriority=\"high\" decoding=\"async\" width=\"1500\" height=\"1041\" src=\"https:\/\/sudefensorlatino.com\/wp-content\/uploads\/2025\/07\/82601.jpg\" class=\"attachment-full size-full wp-image-4473\" alt=\"\" srcset=\"https:\/\/sudefensorlatino.com\/wp-content\/uploads\/2025\/07\/82601.jpg 1500w, https:\/\/sudefensorlatino.com\/wp-content\/uploads\/2025\/07\/82601-300x208.jpg 300w, https:\/\/sudefensorlatino.com\/wp-content\/uploads\/2025\/07\/82601-1024x711.jpg 1024w, https:\/\/sudefensorlatino.com\/wp-content\/uploads\/2025\/07\/82601-768x533.jpg 768w, https:\/\/sudefensorlatino.com\/wp-content\/uploads\/2025\/07\/82601-600x416.jpg 600w\" sizes=\"(max-width: 1500px) 100vw, 1500px\" \/>\t\t\t\t\t\t\t\t\t\t\t\t\t\t\t<\/div>\n\t\t\t\t<div class=\"elementor-element elementor-element-5babf74 elementor-widget elementor-widget-heading\" data-id=\"5babf74\" data-element_type=\"widget\" data-e-type=\"widget\" data-widget_type=\"heading.default\">\n\t\t\t\t\t<h3 class=\"elementor-heading-title elementor-size-default\">Your pain deserves justice, not silence!<\/h3>\t\t\t\t<\/div>\n\t\t\r\n\t\t<div class=\"elementor-element elementor-element-5db7b3d elementor-widget elementor-widget-text-editor\" data-id=\"5db7b3d\" data-element_type=\"widget\" data-e-type=\"widget\" data-widget_type=\"text-editor.default\">\n\t\t\t\t\t\t\t\t\t<p>How you were a victim of an injury caused by another person? You could be entitled to compensation. We help you to claim it.<\/p><p>Personal injury is a legal term for an injury to the body, mind or emotions, as opposed to an injury to property.<\/p><p>You can include (but is not limited to) motor vehicle accidents, medical malpractice, assault, falls and slips on private property caused by negligence, and cases of responsibility for facilities or products.<\/p>\t\t\t\t\t\t\t\t<\/div>\n\t\t\t\t<\/div>\n\t\t<div class=\"elementor-element elementor-element-932d58e e-con-full e-flex e-con e-child\" data-id=\"932d58e\" data-element_type=\"container\" data-e-type=\"container\">\n\t\t\t\t<div class=\"elementor-element elementor-element-da947e5 elementor-widget elementor-widget-ensafcontactinfo\" data-id=\"da947e5\" data-element_type=\"widget\" data-e-type=\"widget\" data-widget_type=\"ensafcontactinfo.default\">\n\t\t\t\t<div class=\"elementor-widget-container\">\n\t\t\t\t\t<div class=\"widget widget_call\"><div class=\"widget-call\"><h4 class=\"box-title\">Did anyone else caused your injury?<\/h4><p class=\"box_text\">Contact us to find out if you can receive compensation.<\/p><div class=\"widget_call\"><div class=\"info-box\"><div class=\"info-box_icon\"><i class=\"fas fa-phone\"><\/i><\/div><div><span class=\"info-box_subtitle\">Phone<\/span><p class=\"info-box_text\"><a href=\"http:\/\/wa.me\/19295408823\" target=\"_blank\" class=\"info-box_link\">+19295408823<\/a><\/p><\/div><\/div><div class=\"info-box\"><div class=\"info-box_icon\"><i class=\"fa-solid fa-location-dot\"><\/i><\/div><div><span class=\"info-box_subtitle\">Location<\/span><p class=\"info-box_text\">1416 Astoria Park South, Queens, NY 11102, USA<\/p><\/div><\/div><\/div><\/div><\/div>\t\t\t\t<\/div>\n\t\t\t\t<\/div>\n\t\t\t\t<div class=\"elementor-element elementor-element-5589801 elementor-widget elementor-widget-ensafservicelist\" data-id=\"5589801\" data-element_type=\"widget\" data-e-type=\"widget\" data-widget_type=\"ensafservicelist.default\">\n\t\t\t\t<div class=\"elementor-widget-container\">\n\t\t\t\t\t<div class=\"widget widget_categories\"><h3 class=\"widget_title\">Other Services<\/h3><ul><li><a href=\"https:\/\/sudefensorlatino.com\/en\/servicios\/accidentes-de-vehiculos-motorizados\/\">Motor Vehicle accidents<\/a><span><i class=\"fa-sharp fa-light fa-arrow-right\"><\/i><\/span><\/li><li><a href=\"https:\/\/sudefensorlatino.com\/en\/servicios\/lesiones-personales\/\">Personal Injury<\/a><span><i class=\"fa-sharp fa-light fa-arrow-right\"><\/i><\/span><\/li><li><a href=\"https:\/\/sudefensorlatino.com\/en\/servicios\/negligencia-medica\/\">Medical Malpractice<\/a><span><i class=\"fa-sharp fa-light fa-arrow-right\"><\/i><\/span><\/li><li><a href=\"https:\/\/sudefensorlatino.com\/en\/servicios\/agresion-fisica\/\">Physical Aggression<\/a><span><i class=\"fa-sharp fa-light fa-arrow-right\"><\/i><\/span><\/li><li><a href=\"https:\/\/sudefensorlatino.com\/en\/servicios\/responsabilidad-por-productos-defectuosos\/\">Liability for Defective Products<\/a><span><i class=\"fa-sharp fa-light fa-arrow-right\"><\/i><\/span><\/li><li><a href=\"https:\/\/sudefensorlatino.com\/en\/servicios\/responsabilidad-de-propiedades\/\">Responsibility of Properties<\/a><span><i class=\"fa-sharp fa-light fa-arrow-right\"><\/i><\/span><\/li><\/ul><\/div>\t\t\t\t<\/div>\n\t\t\t\t<\/div>\n\t\t\t\t<\/div>\n\t\t\t\t\t<\/div>\n\t\t\t\t<\/div>\n\t\t<div class=\"elementor-element elementor-element-448e121 e-flex e-con-boxed e-con e-parent\" data-id=\"448e121\" data-element_type=\"container\" data-e-type=\"container\">\n\t\t\t\t\t<div class=\"e-con-inner\">\n\t\t<div class=\"elementor-element elementor-element-14afe0d1 e-con-full e-flex e-con e-child\" data-id=\"14afe0d1\" data-element_type=\"container\" data-e-type=\"container\">\n\t\t\t\t<div class=\"elementor-element elementor-element-50d2b9f8 elementor-widget elementor-widget-ensafcontactform\" data-id=\"50d2b9f8\" data-element_type=\"widget\" data-e-type=\"widget\" data-widget_type=\"ensafcontactform.default\">\n\t\t\t\t<div class=\"elementor-widget-container\">\n\t\t\t\t\t<div class=\"contact-form style-4 ajax-contact\"><h3 class=\"form-title text-start title\">Send us your case<\/h3>\n<div class=\"wpcf7 no-js\" id=\"wpcf7-f60-o1\" lang=\"es-ES\" dir=\"ltr\" data-wpcf7-id=\"60\">\n<div class=\"screen-reader-response\"><p role=\"status\" aria-live=\"polite\" aria-atomic=\"true\"><\/p> <ul><\/ul><\/div>\n<form action=\"\/en\/wp-json\/wp\/v2\/pages\/4472#wpcf7-f60-o1\" method=\"post\" class=\"wpcf7-form init\" aria-label=\"Formulario de contacto\" novalidate=\"novalidate\" data-status=\"init\" data-trp-original-action=\"\/en\/wp-json\/wp\/v2\/pages\/4472#wpcf7-f60-o1\">\n<fieldset class=\"hidden-fields-container\"><input type=\"hidden\" name=\"_wpcf7\" value=\"60\" \/><input type=\"hidden\" name=\"_wpcf7_version\" value=\"6.1.5\" \/><input type=\"hidden\" name=\"_wpcf7_locale\" value=\"es_ES\" \/><input type=\"hidden\" name=\"_wpcf7_unit_tag\" value=\"wpcf7-f60-o1\" \/><input type=\"hidden\" name=\"_wpcf7_container_post\" value=\"0\" \/><input type=\"hidden\" name=\"_wpcf7_posted_data_hash\" value=\"\" \/>\n<\/fieldset>\n<label> Your name\n    <span class=\"wpcf7-form-control-wrap\" data-name=\"your-name\"><input size=\"40\" maxlength=\"400\" class=\"wpcf7-form-control wpcf7-text wpcf7-validates-as-required\" autocomplete=\"name\" aria-required=\"true\" aria-invalid=\"false\" value=\"\" type=\"text\" name=\"your-name\" \/><\/span> <\/label>\n\n<label> Your e-mail\n    <span class=\"wpcf7-form-control-wrap\" data-name=\"your-email\"><input size=\"40\" maxlength=\"400\" class=\"wpcf7-form-control wpcf7-email wpcf7-validates-as-required wpcf7-text wpcf7-validates-as-email\" autocomplete=\"email\" aria-required=\"true\" aria-invalid=\"false\" value=\"\" type=\"email\" name=\"your-email\" \/><\/span> <\/label>\n\n<label> Phone\n     <span class=\"wpcf7-form-control-wrap\" data-name=\"tel-86\"><input size=\"40\" maxlength=\"400\" class=\"wpcf7-form-control wpcf7-tel wpcf7-validates-as-required wpcf7-text wpcf7-validates-as-tel\" aria-required=\"true\" aria-invalid=\"false\" value=\"\" type=\"tel\" name=\"tel-86\" \/><\/span> <\/label>\n\n<label> Type of Case\n    <span class=\"wpcf7-form-control-wrap\" data-name=\"tipodecaso\"><select class=\"wpcf7-form-control wpcf7-select wpcf7-validates-as-required\" aria-required=\"true\" aria-invalid=\"false\" name=\"tipodecaso\"><option value=\"\">Choose an option<\/option><option value=\"Accidentes de Veh\u00edculos Motorizados\">Motor Vehicle accidents<\/option><option value=\"Lesiones Personales\">Personal Injury<\/option><option value=\"Negligencia M\u00e9dica\">Medical Malpractice<\/option><option value=\"Agresi\u00f3n F\u00edsica\">Physical Aggression<\/option><option value=\"Responsabilidad por Productos Defectuosos\">Liability for Defective Products<\/option><option value=\"Responsabilidad de Propiedades\">Responsibility of Properties<\/option><\/select><\/span> <\/label>\n\n<label> What happened? \n    <span class=\"wpcf7-form-control-wrap\" data-name=\"your-message\"><textarea cols=\"40\" rows=\"10\" maxlength=\"2000\" class=\"wpcf7-form-control wpcf7-textarea wpcf7-validates-as-required\" aria-required=\"true\" aria-invalid=\"false\" name=\"your-message\"><\/textarea><\/span> <\/label>\n\n<label> Do you already have a lawyer? \n<span class=\"wpcf7-form-control-wrap\" data-name=\"abogado\"><select class=\"wpcf7-form-control wpcf7-select\" aria-invalid=\"false\" name=\"abogado\"><option value=\"\">Choose an option<\/option><option value=\"Si\">If<\/option><option value=\"No\">No<\/option><\/select><\/span><\/label>\n\n\n<input class=\"wpcf7-form-control wpcf7-submit has-spinner\" type=\"submit\" value=\"Send\" \/><p style=\"display: none !important;\" class=\"akismet-fields-container\" data-prefix=\"_wpcf7_ak_\"><label>\u0394<textarea name=\"_wpcf7_ak_hp_textarea\" cols=\"45\" rows=\"8\" maxlength=\"100\"><\/textarea><\/label><input type=\"hidden\" id=\"ak_js_1\" name=\"_wpcf7_ak_js\" value=\"142\"\/><script>document.getElementById( \"ak_js_1\" ).setAttribute( \"value\", ( new Date() ).getTime() );<\/script><\/p><div class=\"wpcf7-response-output\" aria-hidden=\"true\"><\/div>\n<input type=\"hidden\" name=\"trp-form-language\" value=\"en\"\/><\/form>\n<\/div>\n<\/div>\t\t\t\t<\/div>\n\t\t\t\t<\/div>\n\t\t\t\t<\/div>\n\t\t<div class=\"elementor-element elementor-element-50027321 e-con-full e-flex e-con e-child\" data-id=\"50027321\" data-element_type=\"container\" data-e-type=\"container\">\n\t\t\t\t<div class=\"elementor-element elementor-element-43994c17 elementor-widget elementor-widget-ensafsectiontitle\" data-id=\"43994c17\" data-element_type=\"widget\" data-e-type=\"widget\" data-widget_type=\"ensafsectiontitle.default\">\n\t\t\t\t<div class=\"elementor-widget-container\">\n\t\t\t\t\t\t\t<div class=\"title-area\">\r\n\t\t\t<h2 class=\"sec-title\">Every case we receive is a life that deserves attention and respect<\/h2><p>An Advocate for Latino not treat your situation as a mere number in a list. For us, each person who contacts us is a true story that deserves justice and human orientation. That's why, when you and help you find the lawyer or the doctor stated, and we do it with total commitment to it, as if it were our own family.<\/p>\t\t<\/div>\r\n\r\n\t\t\t\t\t<\/div>\n\t\t\t\t<\/div>\n\t\t\t\t<div class=\"elementor-element elementor-element-20171e18 elementor-widget elementor-widget-image\" data-id=\"20171e18\" data-element_type=\"widget\" data-e-type=\"widget\" data-widget_type=\"image.default\">\n\t\t\t\t\t\t\t\t\t\t\t\t\t\t\t<img decoding=\"async\" width=\"751\" height=\"534\" src=\"https:\/\/sudefensorlatino.com\/wp-content\/uploads\/2025\/07\/sudefensorlatino.png\" class=\"attachment-large size-large wp-image-4645\" alt=\"\" srcset=\"https:\/\/sudefensorlatino.com\/wp-content\/uploads\/2025\/07\/sudefensorlatino.png 976w, https:\/\/sudefensorlatino.com\/wp-content\/uploads\/2025\/07\/sudefensorlatino-300x213.png 300w, https:\/\/sudefensorlatino.com\/wp-content\/uploads\/2025\/07\/sudefensorlatino-768x546.png 768w, https:\/\/sudefensorlatino.com\/wp-content\/uploads\/2025\/07\/sudefensorlatino-600x427.png 600w\" sizes=\"(max-width: 751px) 100vw, 751px\" \/>\t\t\t\t\t\t\t\t\t\t\t\t\t\t\t<\/div>\n\t\t\t\t<\/div>\n\t\t\t\t\t<\/div>\n\t\t\t\t<\/div>\n\t\t<div class=\"elementor-element elementor-element-1f6f359 e-con-full elementor-hidden-desktop elementor-hidden-tablet elementor-hidden-mobile e-flex e-con e-parent\" data-id=\"1f6f359\" data-element_type=\"container\" data-e-type=\"container\">\n\t\t<div class=\"elementor-element elementor-element-29bf92a e-con-full e-flex e-con e-child\" data-id=\"29bf92a\" data-element_type=\"container\" data-e-type=\"container\" data-settings=\"{&quot;background_background&quot;:&quot;classic&quot;}\">\n\t\t<div class=\"elementor-element elementor-element-3daf6ae e-flex e-con-boxed e-con e-child\" data-id=\"3daf6ae\" data-element_type=\"container\" data-e-type=\"container\">\n\t\t\t\t\t<div class=\"e-con-inner\">\n\t\t\t\t<div class=\"elementor-element elementor-element-cd9ccbb elementor-widget elementor-widget-ensafsectiontitle\" data-id=\"cd9ccbb\" data-element_type=\"widget\" data-e-type=\"widget\" data-widget_type=\"ensafsectiontitle.default\">\n\t\t\t\t<div class=\"elementor-widget-container\">\n\t\t\t\t\t\t\t<div class=\"title-area text-left\">\r\n\t\t\t<span class=\"sub-title\">Testimonials<\/span><h2 class=\"sec-title\">This our customers say<\/h2>\t\t<\/div>\r\n\r\n\t\t\t\t\t<\/div>\n\t\t\t\t<\/div>\n\t\t\t\t<div class=\"elementor-element elementor-element-5398e34 elementor-widget elementor-widget-ensafarrows\" data-id=\"5398e34\" data-element_type=\"widget\" data-e-type=\"widget\" data-widget_type=\"ensafarrows.default\">\n\t\t\t\t<div class=\"elementor-widget-container\">\n\t\t\t\t\t<div class=\"sec-btn\"><div class=\"icon-box\"><button data-slider-prev=\"#testiSlide11\" class=\"slider-arrow default\"><i class=\"far fa-arrow-left\"><\/i><\/button><button data-slider-next=\"#testiSlide11\" class=\"slider-arrow default\"><i class=\"far fa-arrow-right\"><\/i><\/button><\/div><\/div>\t\t\t\t<\/div>\n\t\t\t\t<\/div>\n\t\t\t\t\t<\/div>\n\t\t\t\t<\/div>\n\t\t<div class=\"elementor-element elementor-element-5d893f9 e-flex e-con-boxed e-con e-child\" data-id=\"5d893f9\" data-element_type=\"container\" data-e-type=\"container\">\n\t\t\t\t\t<div class=\"e-con-inner\">\n\t\t\t\t<div class=\"elementor-element elementor-element-ec8800e elementor-widget elementor-widget-ensaftestimonialslider\" data-id=\"ec8800e\" data-element_type=\"widget\" data-e-type=\"widget\" data-widget_type=\"ensaftestimonialslider.default\">\n\t\t\t\t<div class=\"elementor-widget-container\">\n\t\t\t\t\t<div class=\"testi-card-slide\"><div class=\"swiper has-shadow th-slider\" id=\"testiSlide11\" data-slider-options='{\"breakpoints\":{\"0\":{\"slidesPerView\":1},\"576\":{\"slidesPerView\":\"1\"},\"768\":{\"slidesPerView\":\"1\"},\"992\":{\"slidesPerView\":\"2\"},\"1200\":{\"slidesPerView\":\"2\"}}}'><div class=\"swiper-wrapper\"><div class=\"swiper-slide\"><div class=\"testi-block shape-mockup-wrap\" dir=\"ltr\"><div class=\"shape-mockup testi-icon-1-top\"><img decoding=\"async\" src=\"https:\/\/wordpress.themeholy.com\/ensaf\/wp-content\/uploads\/2024\/12\/testi-icon-1-top.svg\" alt=\"testi icon 1 top\"  \/><\/div><div class=\"testi-block-top\"><div class=\"box-img\"><img decoding=\"async\" src=\"https:\/\/sudefensorlatino.com\/wp-content\/uploads\/2025\/07\/hombre-testimonio_0001_ChatGPT-Image-24-jul-2025-10_19_35-copia-2.jpg\" alt=\"hombre testimonio_0001_ChatGPT Image 24 jul 2025 10_19_35 copia 2\"  \/><\/div><div class=\"content\"><h3 class=\"box-title\">Joel Hernandez<\/h3><p class=\"box-desig\">Worker maintenance<\/p><div class=\"box-review\"><i class=\"fa-solid fa-star\"><\/i><i class=\"fa-solid fa-star\"><\/i><i class=\"fa-solid fa-star\"><\/i><i class=\"fa-solid fa-star\"><\/i><i class=\"fa-solid fa-star\"><\/i><\/div><\/div><\/div><p class=\"box-text\">\u201cI slipped in the hallway of a building where there was no sign wet floor. Thanks to the Advocate, a Latino, I found a lawyer who fought for my case and helped me to receive medical treatment and compensation that you didn't expect.\u201d<\/p><\/div><\/div><div class=\"swiper-slide\"><div class=\"testi-block shape-mockup-wrap\" dir=\"ltr\"><div class=\"shape-mockup testi-icon-1-top\"><img decoding=\"async\" src=\"https:\/\/wordpress.themeholy.com\/ensaf\/wp-content\/uploads\/2024\/12\/testi-icon-1-top.svg\" alt=\"testi icon 1 top\"  \/><\/div><div class=\"testi-block-top\"><div class=\"box-img\"><img decoding=\"async\" src=\"https:\/\/sudefensorlatino.com\/wp-content\/uploads\/2025\/07\/mujeres-testimonio_0001_ChatGPT-Image-24-jul-2025-10_46_47-copia-2.jpg\" alt=\"mujeres testimonio_0001_ChatGPT Image 24 jul 2025 10_46_47 copia 2\"  \/><\/div><div class=\"content\"><h3 class=\"box-title\">Nancy Torres<\/h3><p class=\"box-desig\">Maid<\/p><div class=\"box-review\"><i class=\"fa-solid fa-star\"><\/i><i class=\"fa-solid fa-star\"><\/i><i class=\"fa-solid fa-star\"><\/i><i class=\"fa-solid fa-star\"><\/i><i class=\"fa-solid fa-star\"><\/i><\/div><\/div><\/div><p class=\"box-text\">\u201cA dog bit me in a house where he worked. I did not know that I could do something. Your Defender Latino explained my rights to me and connected me with a lawyer who ensured that the family assumed the responsibility.\u201d<\/p><\/div><\/div><div class=\"swiper-slide\"><div class=\"testi-block shape-mockup-wrap\" dir=\"ltr\"><div class=\"shape-mockup testi-icon-1-top\"><img decoding=\"async\" src=\"https:\/\/wordpress.themeholy.com\/ensaf\/wp-content\/uploads\/2024\/12\/testi-icon-1-top.svg\" alt=\"testi icon 1 top\"  \/><\/div><div class=\"testi-block-top\"><div class=\"box-img\"><img decoding=\"async\" src=\"https:\/\/sudefensorlatino.com\/wp-content\/uploads\/2025\/07\/hombre-testimonio_0008_ChatGPT-Image-24-jul-2025-09_55_18-copia.jpg\" alt=\"hombre testimonio_0008_ChatGPT Image 24 jul 2025 09_55_18 copia\"  \/><\/div><div class=\"content\"><h3 class=\"box-title\">Eduardo Vega<\/h3><p class=\"box-desig\">Street vendor<\/p><div class=\"box-review\"><i class=\"fa-solid fa-star\"><\/i><i class=\"fa-solid fa-star\"><\/i><i class=\"fa-solid fa-star\"><\/i><i class=\"fa-solid fa-star\"><\/i><i class=\"fa-solid fa-star\"><\/i><\/div><\/div><\/div><p class=\"box-text\">\u201cI fell on the exit of a store along a sidewalk broken. No one wanted to be responsible. Your Advocate Latin helped me to find a lawyer who won my case. Thanks to them, I could pay for my treatments.\u201d<\/p><\/div><\/div><\/div><\/div><\/div>\t\t\t\t<\/div>\n\t\t\t\t<\/div>\n\t\t\t\t\t<\/div>\n\t\t\t\t<\/div>\n\t\t\t\t<\/div>\n\t\t\t\t<\/div>\n\t\t\t\t<\/div>","protected":false},"excerpt":{"rendered":"<p>\u00a1Tu dolor merece justicia, no silencio! \u00bfFuiste v\u00edctima de una lesi\u00f3n causada por otra persona? Podr\u00edas tener derecho a una compensaci\u00f3n. Te ayudamos a reclamarla. Lesi\u00f3n personal es un t\u00e9rmino legal para una lesi\u00f3n al cuerpo, la mente o las emociones, a diferencia de una lesi\u00f3n a la propiedad. Puede incluir (pero no se limita&#8230;<\/p>","protected":false},"author":1,"featured_media":4473,"parent":4042,"menu_order":0,"comment_status":"closed","ping_status":"closed","template":"","meta":{"footnotes":""},"class_list":["post-4472","page","type-page","status-publish","has-post-thumbnail","hentry"],"aioseo_notices":[],"_links":{"self":[{"href":"https:\/\/sudefensorlatino.com\/en\/wp-json\/wp\/v2\/pages\/4472","targetHints":{"allow":["GET"]}}],"collection":[{"href":"https:\/\/sudefensorlatino.com\/en\/wp-json\/wp\/v2\/pages"}],"about":[{"href":"https:\/\/sudefensorlatino.com\/en\/wp-json\/wp\/v2\/types\/page"}],"author":[{"embeddable":true,"href":"https:\/\/sudefensorlatino.com\/en\/wp-json\/wp\/v2\/users\/1"}],"replies":[{"embeddable":true,"href":"https:\/\/sudefensorlatino.com\/en\/wp-json\/wp\/v2\/comments?post=4472"}],"version-history":[{"count":24,"href":"https:\/\/sudefensorlatino.com\/en\/wp-json\/wp\/v2\/pages\/4472\/revisions"}],"predecessor-version":[{"id":4737,"href":"https:\/\/sudefensorlatino.com\/en\/wp-json\/wp\/v2\/pages\/4472\/revisions\/4737"}],"up":[{"embeddable":true,"href":"https:\/\/sudefensorlatino.com\/en\/wp-json\/wp\/v2\/pages\/4042"}],"wp:featuredmedia":[{"embeddable":true,"href":"https:\/\/sudefensorlatino.com\/en\/wp-json\/wp\/v2\/media\/4473"}],"wp:attachment":[{"href":"https:\/\/sudefensorlatino.com\/en\/wp-json\/wp\/v2\/media?parent=4472"}],"curies":[{"name":"wp","href":"https:\/\/api.w.org\/{rel}","templated":true}]}}