{"id":4048,"date":"2024-12-17T05:25:59","date_gmt":"2024-12-17T05:25:59","guid":{"rendered":"https:\/\/wordpress.themeholy.com\/ensaf\/?page_id=67"},"modified":"2025-07-30T22:42:22","modified_gmt":"2025-07-30T22:42:22","slug":"carlos-a-melo","status":"publish","type":"page","link":"https:\/\/sudefensorlatino.com\/en\/carlos-a-melo\/","title":{"rendered":"Carlos A. Melo"},"content":{"rendered":"<div data-elementor-type=\"wp-page\" data-elementor-id=\"4048\" class=\"elementor elementor-4048\">\n\t\t\t\t<div class=\"elementor-element elementor-element-701caa4 e-flex e-con-boxed e-con e-parent\" data-id=\"701caa4\" data-element_type=\"container\" data-e-type=\"container\">\n\t\t\t\t\t<div class=\"e-con-inner\">\n\t\t\r\n\t\t<div class=\"elementor-element elementor-element-4d3455c elementor-widget elementor-widget-ensafteaminfo\" data-id=\"4d3455c\" data-element_type=\"widget\" data-e-type=\"widget\" data-widget_type=\"ensafteaminfo.default\">\n\t\t\t\t<div class=\"elementor-widget-container\">\n\t\t\t\t\t<div class=\"team-details\"><div class=\"row\"><div class=\"col-xl-5\"><div class=\"mb-40 mb-xl-0\"><img decoding=\"async\" src=\"https:\/\/sudefensorlatino.com\/wp-content\/uploads\/2025\/07\/banner-principal_0002_IMG_9906.png\" alt=\"banner principal_0002_IMG_9906\"  class=\"w-100\" \/><\/div><\/div><div class=\"col-xl-7 ps-3 ps-xl-5 align-self-center\"><div class=\"team-about\"><div class=\"team-wrapp\"><div class=\"top-wrap\"><div class=\"title-wrap\"><h3 class=\"team-about_title\">Carlos A. Melo<\/h3><p class=\"team-about_desig\">CEO<\/p><\/div><div class=\"th-social\"><a  rel=\"nofollow\" href=\"https:\/\/www.instagram.com\"><i aria-hidden=\"true\" class=\"fab fa-instagram\"><\/i><\/a> <\/div><\/div><p class=\"team-about_text\">Es un emprendedor latino visionario con una trayectoria \u00fanica que une el arte, la justicia y el servicio comunitario. Fundador y CEO de Su Defensor Latino y Melo Music Entertainment Inc., Carlos ha transformado su pasi\u00f3n por la m\u00fasica y su experiencia como asistente legal en una misi\u00f3n clara: empoderar y representar con dignidad a la comunidad latina. Con m\u00e1s de una d\u00e9cada de trabajo en derecho penal y lesiones personales, y un historial probado en la industria musical, Carlos es el puente entre el talento cultural y el acceso legal confiable en Estados Unidos.<\/p><\/div><div class=\"about-info-wrap\"><div class=\"about-info\"><div class=\"about-info_icon\"><i class=\"fa-solid fa-user\"><\/i><\/div><div class=\"about-info_content\"><p class=\"about-info_subtitle\">Experience<\/p><h6 class=\"about-info_title\">M\u00e1s de 8 a\u00f1os<\/h6><\/div><\/div><div class=\"about-info\"><div class=\"about-info_icon\"><i class=\"fas fa-phone\"><\/i><\/div><div class=\"about-info_content\"><p class=\"about-info_subtitle\">Phone<\/p><h6 class=\"about-info_title\"><a href=\"tel:+18007017230\">+1 800-701-7230<\/a><\/h6><\/div><\/div><\/div><a href=\"http:\/\/wa.me\/19295408823\" class=\"th-btn style2 th_btn\">Contact us<i class=\"fa-regular fa-arrow-right-long\"><\/i><\/a><\/div><\/div><\/div><\/div>\t\t\t\t<\/div>\n\t\t\t\t<\/div>\n\t\t<div class=\"elementor-element elementor-element-b9872e7 e-con-full e-flex e-con e-child\" data-id=\"b9872e7\" data-element_type=\"container\" data-e-type=\"container\">\n\t\t\t\t<div class=\"elementor-element elementor-element-df8a6ee elementor-widget elementor-widget-heading\" data-id=\"df8a6ee\" data-element_type=\"widget\" data-e-type=\"widget\" data-widget_type=\"heading.default\">\n\t\t\t\t\t<h2 class=\"elementor-heading-title elementor-size-default\">Carlos A. Melo<\/h2>\t\t\t\t<\/div>\n\t\t\t\t<div class=\"elementor-element elementor-element-409bd77 elementor-widget elementor-widget-text-editor\" data-id=\"409bd77\" data-element_type=\"widget\" data-e-type=\"widget\" data-widget_type=\"text-editor.default\">\n\t\t\t\t\t\t\t\t\t<p><strong>CEO de Su Defensor Latino | Fundador de Melo Music Entertainment Inc. | Asistente Legal en Derecho Penal y Lesiones Personales<\/strong><\/p><p>La historia de\u00a0<strong>Carlos A. Melo<\/strong>\u00a0es un ejemplo vivo del poder de la perseverancia, el talento y el compromiso con su comunidad. Hijo de inmigrantes colombianos y criado en\u00a0<strong>Queens, Nueva York<\/strong>, Carlos representa el sue\u00f1o latinoamericano hecho realidad: un emprendedor que ha sabido abrirse camino tanto en el mundo legal como en el art\u00edstico, sin perder de vista sus ra\u00edces.<\/p><p>Desde muy joven, Carlos sinti\u00f3 una conexi\u00f3n profunda con la m\u00fasica. A los\u00a0<strong>17 a\u00f1os<\/strong>, inici\u00f3 su carrera como\u00a0<strong>percusionista<\/strong>, abrazando los ritmos de su herencia cultural. Su pasi\u00f3n lo llev\u00f3 a producir su primer gran \u00e9xito,\u00a0<em>&#8220;Ya Lo Dijo Mi Pap\u00e1&#8221;<\/em>, el cual impuls\u00f3 la carrera del artista\u00a0<strong>Cero Copeo<\/strong>\u00a0y sent\u00f3 las bases para el nacimiento de su propio sello:\u00a0<strong>Melo Music Entertainment Inc.<\/strong>\u00a0Hoy, la compa\u00f1\u00eda es un motor de oportunidades para artistas independientes, especialmente en el g\u00e9nero\u00a0<strong>SalsaChoke<\/strong>, promoviendo el talento latino a nuevas alturas.<\/p><p>Pero su impacto no se limita al escenario. A los\u00a0<strong>26 a\u00f1os<\/strong>, mientras trabajaba como portero en un edificio de Nueva York, un abogado residente reconoci\u00f3 en \u00e9l un don natural para conectar con las personas. Le ofreci\u00f3 la oportunidad de entrenarse y trabajar como\u00a0<strong>Asistente Legal<\/strong>, iniciando as\u00ed una nueva misi\u00f3n:\u00a0<strong>servir a la comunidad latina en el complejo sistema legal de EE.UU.<\/strong><\/p><p>Con m\u00e1s de una d\u00e9cada de experiencia, Carlos ha trabajado en firmas de abogados de todos los tama\u00f1os, desde peque\u00f1as oficinas locales hasta grandes despachos en\u00a0<strong>Wall Street<\/strong>, asistiendo en miles de casos de\u00a0<strong>Lesiones Personales y Derecho Penal<\/strong>. Su compromiso con la justicia lo llev\u00f3 a crear\u00a0<strong>Your Defender Latino<\/strong>, una plataforma de\u00a0<strong>publicidad legal \u00e9tica y culturalmente responsable<\/strong>, que conecta a la comunidad con abogados calificados, biling\u00fces y con verdadera vocaci\u00f3n de servicio.<\/p><p>Hoy,\u00a0<strong>Carlos Melo<\/strong>\u00a0es mucho m\u00e1s que un empresario o asistente legal. Es un\u00a0<strong>l\u00edder visionario<\/strong>\u00a0que une su pasi\u00f3n por la m\u00fasica con su compromiso social, demostrando que el \u00e9xito se construye con trabajo, coraz\u00f3n y prop\u00f3sito. Bajo su liderazgo,\u00a0<em>Your Defender Latino<\/em>\u00a0no solo informa:\u00a0<strong>inspira, orienta y defiende.<\/strong><\/p>\t\t\t\t\t\t\t\t<\/div>\n\t\t\t\t<\/div>\n\t\t\t\t\t<\/div>\n\t\t\t\t<\/div>\n\t\t<div class=\"elementor-element elementor-element-67392848 e-flex e-con-boxed e-con e-parent\" data-id=\"67392848\" data-element_type=\"container\" data-e-type=\"container\">\n\t\t\t\t\t<div class=\"e-con-inner\">\n\t\t<div class=\"elementor-element elementor-element-b9781a1 e-con-full e-flex e-con e-child\" data-id=\"b9781a1\" data-element_type=\"container\" data-e-type=\"container\">\n\t\t\t\t<div class=\"elementor-element elementor-element-1e8a988b elementor-widget elementor-widget-ensafcontactform\" data-id=\"1e8a988b\" data-element_type=\"widget\" data-e-type=\"widget\" data-widget_type=\"ensafcontactform.default\">\n\t\t\t\t<div class=\"elementor-widget-container\">\n\t\t\t\t\t<div class=\"contact-form style-4 ajax-contact\"><h3 class=\"form-title text-start title\">Send us your case<\/h3>\n<div class=\"wpcf7 no-js\" id=\"wpcf7-f60-o1\" lang=\"es-ES\" dir=\"ltr\" data-wpcf7-id=\"60\">\n<div class=\"screen-reader-response\"><p role=\"status\" aria-live=\"polite\" aria-atomic=\"true\"><\/p> <ul><\/ul><\/div>\n<form action=\"\/en\/wp-json\/wp\/v2\/pages\/4048#wpcf7-f60-o1\" method=\"post\" class=\"wpcf7-form init\" aria-label=\"Formulario de contacto\" novalidate=\"novalidate\" data-status=\"init\" data-trp-original-action=\"\/en\/wp-json\/wp\/v2\/pages\/4048#wpcf7-f60-o1\">\n<fieldset class=\"hidden-fields-container\"><input type=\"hidden\" name=\"_wpcf7\" value=\"60\" \/><input type=\"hidden\" name=\"_wpcf7_version\" value=\"6.1.5\" \/><input type=\"hidden\" name=\"_wpcf7_locale\" value=\"es_ES\" \/><input type=\"hidden\" name=\"_wpcf7_unit_tag\" value=\"wpcf7-f60-o1\" \/><input type=\"hidden\" name=\"_wpcf7_container_post\" value=\"0\" \/><input type=\"hidden\" name=\"_wpcf7_posted_data_hash\" value=\"\" \/>\n<\/fieldset>\n<label> Your name\n    <span class=\"wpcf7-form-control-wrap\" data-name=\"your-name\"><input size=\"40\" maxlength=\"400\" class=\"wpcf7-form-control wpcf7-text wpcf7-validates-as-required\" autocomplete=\"name\" aria-required=\"true\" aria-invalid=\"false\" value=\"\" type=\"text\" name=\"your-name\" \/><\/span> <\/label>\n\n<label> Your e-mail\n    <span class=\"wpcf7-form-control-wrap\" data-name=\"your-email\"><input size=\"40\" maxlength=\"400\" class=\"wpcf7-form-control wpcf7-email wpcf7-validates-as-required wpcf7-text wpcf7-validates-as-email\" autocomplete=\"email\" aria-required=\"true\" aria-invalid=\"false\" value=\"\" type=\"email\" name=\"your-email\" \/><\/span> <\/label>\n\n<label> Phone\n     <span class=\"wpcf7-form-control-wrap\" data-name=\"tel-86\"><input size=\"40\" maxlength=\"400\" class=\"wpcf7-form-control wpcf7-tel wpcf7-validates-as-required wpcf7-text wpcf7-validates-as-tel\" aria-required=\"true\" aria-invalid=\"false\" value=\"\" type=\"tel\" name=\"tel-86\" \/><\/span> <\/label>\n\n<label> Type of Case\n    <span class=\"wpcf7-form-control-wrap\" data-name=\"tipodecaso\"><select class=\"wpcf7-form-control wpcf7-select wpcf7-validates-as-required\" aria-required=\"true\" aria-invalid=\"false\" name=\"tipodecaso\"><option value=\"\">Choose an option<\/option><option value=\"Accidentes de Veh\u00edculos Motorizados\">Motor Vehicle accidents<\/option><option value=\"Lesiones Personales\">Personal Injury<\/option><option value=\"Negligencia M\u00e9dica\">Medical Malpractice<\/option><option value=\"Agresi\u00f3n F\u00edsica\">Physical Aggression<\/option><option value=\"Responsabilidad por Productos Defectuosos\">Liability for Defective Products<\/option><option value=\"Responsabilidad de Propiedades\">Responsibility of Properties<\/option><\/select><\/span> <\/label>\n\n<label> What happened? \n    <span class=\"wpcf7-form-control-wrap\" data-name=\"your-message\"><textarea cols=\"40\" rows=\"10\" maxlength=\"2000\" class=\"wpcf7-form-control wpcf7-textarea wpcf7-validates-as-required\" aria-required=\"true\" aria-invalid=\"false\" name=\"your-message\"><\/textarea><\/span> <\/label>\n\n<label> Do you already have a lawyer? \n<span class=\"wpcf7-form-control-wrap\" data-name=\"abogado\"><select class=\"wpcf7-form-control wpcf7-select\" aria-invalid=\"false\" name=\"abogado\"><option value=\"\">Choose an option<\/option><option value=\"Si\">If<\/option><option value=\"No\">No<\/option><\/select><\/span><\/label>\n\n\n<input class=\"wpcf7-form-control wpcf7-submit has-spinner\" type=\"submit\" value=\"Send\" \/><p style=\"display: none !important;\" class=\"akismet-fields-container\" data-prefix=\"_wpcf7_ak_\"><label>\u0394<textarea name=\"_wpcf7_ak_hp_textarea\" cols=\"45\" rows=\"8\" maxlength=\"100\"><\/textarea><\/label><input type=\"hidden\" id=\"ak_js_1\" name=\"_wpcf7_ak_js\" value=\"175\"\/><script>document.getElementById( \"ak_js_1\" ).setAttribute( \"value\", ( new Date() ).getTime() );<\/script><\/p><div class=\"wpcf7-response-output\" aria-hidden=\"true\"><\/div>\n<input type=\"hidden\" name=\"trp-form-language\" value=\"en\"\/><\/form>\n<\/div>\n<\/div>\t\t\t\t<\/div>\n\t\t\t\t<\/div>\n\t\t\t\t<\/div>\n\t\t<div class=\"elementor-element elementor-element-6f890088 e-con-full e-flex e-con e-child\" data-id=\"6f890088\" data-element_type=\"container\" data-e-type=\"container\">\n\t\t\t\t<div class=\"elementor-element elementor-element-53fae500 elementor-widget elementor-widget-ensafsectiontitle\" data-id=\"53fae500\" data-element_type=\"widget\" data-e-type=\"widget\" data-widget_type=\"ensafsectiontitle.default\">\n\t\t\t\t<div class=\"elementor-widget-container\">\n\t\t\t\t\t\t\t<div class=\"title-area\">\r\n\t\t\t<h2 class=\"sec-title\">Every case we receive is a life that deserves attention and respect<\/h2><p>An Advocate for Latino not treat your situation as a mere number in a list. For us, each person who contacts us is a true story that deserves justice and human orientation. That's why, when you and help you find the lawyer or the doctor stated, and we do it with total commitment to it, as if it were our own family.<\/p>\t\t<\/div>\r\n\r\n\t\t\t\t\t<\/div>\n\t\t\t\t<\/div>\n\t\t\t\t<div class=\"elementor-element elementor-element-2ba8a17b elementor-widget elementor-widget-image\" data-id=\"2ba8a17b\" data-element_type=\"widget\" data-e-type=\"widget\" data-widget_type=\"image.default\">\n\t\t\t\t\t\t\t\t\t\t\t\t\t\t\t<img fetchpriority=\"high\" decoding=\"async\" width=\"751\" height=\"534\" src=\"https:\/\/sudefensorlatino.com\/wp-content\/uploads\/2025\/07\/sudefensorlatino.png\" class=\"attachment-large size-large wp-image-4645\" alt=\"\" srcset=\"https:\/\/sudefensorlatino.com\/wp-content\/uploads\/2025\/07\/sudefensorlatino.png 976w, https:\/\/sudefensorlatino.com\/wp-content\/uploads\/2025\/07\/sudefensorlatino-300x213.png 300w, https:\/\/sudefensorlatino.com\/wp-content\/uploads\/2025\/07\/sudefensorlatino-768x546.png 768w, https:\/\/sudefensorlatino.com\/wp-content\/uploads\/2025\/07\/sudefensorlatino-600x427.png 600w\" sizes=\"(max-width: 751px) 100vw, 751px\" \/>\t\t\t\t\t\t\t\t\t\t\t\t\t\t\t<\/div>\n\t\t\t\t<\/div>\n\t\t\t\t\t<\/div>\n\t\t\t\t<\/div>\n\t\t\t\t<\/div>","protected":false},"excerpt":{"rendered":"<p>Carlos A. Melo CEO Es un emprendedor latino visionario con una trayectoria \u00fanica que une el arte, la justicia y el servicio comunitario. Fundador y CEO de Su Defensor Latino y Melo Music Entertainment Inc., Carlos ha transformado su pasi\u00f3n por la m\u00fasica y su experiencia como asistente legal en una misi\u00f3n clara: empoderar y&#8230;<\/p>","protected":false},"author":1,"featured_media":4258,"parent":0,"menu_order":0,"comment_status":"closed","ping_status":"closed","template":"","meta":{"footnotes":""},"class_list":["post-4048","page","type-page","status-publish","has-post-thumbnail","hentry"],"aioseo_notices":[],"_links":{"self":[{"href":"https:\/\/sudefensorlatino.com\/en\/wp-json\/wp\/v2\/pages\/4048","targetHints":{"allow":["GET"]}}],"collection":[{"href":"https:\/\/sudefensorlatino.com\/en\/wp-json\/wp\/v2\/pages"}],"about":[{"href":"https:\/\/sudefensorlatino.com\/en\/wp-json\/wp\/v2\/types\/page"}],"author":[{"embeddable":true,"href":"https:\/\/sudefensorlatino.com\/en\/wp-json\/wp\/v2\/users\/1"}],"replies":[{"embeddable":true,"href":"https:\/\/sudefensorlatino.com\/en\/wp-json\/wp\/v2\/comments?post=4048"}],"version-history":[{"count":31,"href":"https:\/\/sudefensorlatino.com\/en\/wp-json\/wp\/v2\/pages\/4048\/revisions"}],"predecessor-version":[{"id":4779,"href":"https:\/\/sudefensorlatino.com\/en\/wp-json\/wp\/v2\/pages\/4048\/revisions\/4779"}],"wp:featuredmedia":[{"embeddable":true,"href":"https:\/\/sudefensorlatino.com\/en\/wp-json\/wp\/v2\/media\/4258"}],"wp:attachment":[{"href":"https:\/\/sudefensorlatino.com\/en\/wp-json\/wp\/v2\/media?parent=4048"}],"curies":[{"name":"wp","href":"https:\/\/api.w.org\/{rel}","templated":true}]}}