{"id":4042,"date":"2024-12-17T05:24:23","date_gmt":"2024-12-17T05:24:23","guid":{"rendered":"https:\/\/wordpress.themeholy.com\/ensaf\/?page_id=53"},"modified":"2025-07-24T23:14:11","modified_gmt":"2025-07-24T23:14:11","slug":"servicios","status":"publish","type":"page","link":"https:\/\/sudefensorlatino.com\/en\/servicios\/","title":{"rendered":"Services"},"content":{"rendered":"<div data-elementor-type=\"wp-page\" data-elementor-id=\"4042\" class=\"elementor elementor-4042\">\n\t\t\t\t<div class=\"elementor-element elementor-element-7c74ae0 e-flex e-con-boxed e-con e-parent\" data-id=\"7c74ae0\" data-element_type=\"container\" data-e-type=\"container\">\n\t\t\t\t\t<div class=\"e-con-inner\">\n\t\t\r\n\t\t<div class=\"elementor-element elementor-element-2be47c1 elementor-widget elementor-widget-ensafsectiontitle\" data-id=\"2be47c1\" data-element_type=\"widget\" data-e-type=\"widget\" data-widget_type=\"ensafsectiontitle.default\">\n\t\t\t\t<div class=\"elementor-widget-container\">\n\t\t\t\t\t\t\t<div class=\"title-area text-center\">\r\n\t\t\t<span class=\"sub-title\">Cases that matter. People who matter.<\/span><h2 class=\"sec-title\">Every case we receive is a life that deserves attention and respect<\/h2><p class=\"sec-text\">An Advocate for Latino not treat your situation as a mere number in a list. For us, each person who contacts us is a true story that deserves justice and human orientation. That's why, when you and help you find the lawyer or the doctor stated, and we do it with total commitment to it, as if it were our own family. Whatever your situation \u2014accidents, injury, legal status, or immigration\u2014 we are here to listen, to be with you and give you real solutions.\n\n<\/p>\t\t<\/div>\r\n\r\n\t\t\t\t\t<\/div>\n\t\t\t\t<\/div>\n\t\t\t\t<div class=\"elementor-element elementor-element-aff50e6 elementor-widget elementor-widget-ensafservice\" data-id=\"aff50e6\" data-element_type=\"widget\" data-e-type=\"widget\" data-widget_type=\"ensafservice.default\">\n\t\t\t\t<div class=\"elementor-widget-container\">\n\t\t\t\t\t<div class=\"row gy-30 justify-content-center\"><div class=\"col-xl-4 col-md-6\"><div class=\"service-card\"><div class=\"box-icon\"><img decoding=\"async\" src=\"https:\/\/sudefensorlatino.com\/wp-content\/uploads\/2025\/07\/accidente-moto.svg\" alt=\"accidente moto\"  \/><\/div><div class=\"box-content\"><h3 class=\"box-title\"><a href=\"https:\/\/sudefensorlatino.com\/en\/servicios\/accidentes-de-vehiculos-motorizados\/\">Motor Vehicle accidents<\/a><\/h3><p class=\"box-text\">If you suffered an accident in a car, bike, or you were hit, we connect you with attorneys who will fight for your health and your compensation.<\/p><\/div><a href=\"https:\/\/sudefensorlatino.com\/en\/servicios\/accidentes-de-vehiculos-motorizados\/\" class=\"link-btn\">See more<i class=\"fa-regular fa-arrow-right-long\"><\/i><\/a><\/div><\/div><div class=\"col-xl-4 col-md-6\"><div class=\"service-card\"><div class=\"box-icon\"><img decoding=\"async\" src=\"https:\/\/sudefensorlatino.com\/wp-content\/uploads\/2025\/07\/lesiones-personales.svg\" alt=\"lesiones personales\"  \/><\/div><div class=\"box-content\"><h3 class=\"box-title\"><a href=\"https:\/\/sudefensorlatino.com\/en\/servicios\/lesiones-personales\/\">Personal Injury<\/a><\/h3><p class=\"box-text\">How you were a victim of an injury caused by another person? You could be entitled to compensation. We help you to claim it.\n\n<\/p><\/div><a href=\"https:\/\/sudefensorlatino.com\/en\/servicios\/lesiones-personales\/\" class=\"link-btn\">See more<i class=\"fa-regular fa-arrow-right-long\"><\/i><\/a><\/div><\/div><div class=\"col-xl-4 col-md-6\"><div class=\"service-card\"><div class=\"box-icon\"><img decoding=\"async\" src=\"https:\/\/sudefensorlatino.com\/wp-content\/uploads\/2025\/07\/negligencia-medica.svg\" alt=\"negligencia medica\"  \/><\/div><div class=\"box-content\"><h3 class=\"box-title\"><a href=\"https:\/\/sudefensorlatino.com\/en\/servicios\/negligencia-medica\/\">Medical Malpractice<\/a><\/h3><p class=\"box-text\">If a doctor made a mistake that you caused damage, we can help you find justice with a qualified attorney.\n\n<\/p><\/div><a href=\"https:\/\/sudefensorlatino.com\/en\/servicios\/negligencia-medica\/\" class=\"link-btn\">See More<i class=\"fa-regular fa-arrow-right-long\"><\/i><\/a><\/div><\/div><div class=\"col-xl-4 col-md-6\"><div class=\"service-card\"><div class=\"box-icon\"><img decoding=\"async\" src=\"https:\/\/sudefensorlatino.com\/wp-content\/uploads\/2025\/07\/agresion-fisica-1.svg\" alt=\"agresion fisica 1\"  \/><\/div><div class=\"box-content\"><h3 class=\"box-title\"><a href=\"https:\/\/sudefensorlatino.com\/en\/servicios\/agresion-fisica\/\">Physical Aggression<\/a><\/h3><p class=\"box-text\">If you were a victim of a physical assault, we will help you search for legal justice and immediate medical.\n\n<\/p><\/div><a href=\"https:\/\/sudefensorlatino.com\/en\/servicios\/agresion-fisica\/\" class=\"link-btn\">Read More<i class=\"fa-regular fa-arrow-right-long\"><\/i><\/a><\/div><\/div><div class=\"col-xl-4 col-md-6\"><div class=\"service-card\"><div class=\"box-icon\"><img decoding=\"async\" src=\"https:\/\/sudefensorlatino.com\/wp-content\/uploads\/2025\/07\/productos-defectuosos.svg\" alt=\"productos defectuosos\"  \/><\/div><div class=\"box-content\"><h3 class=\"box-title\"><a href=\"https:\/\/sudefensorlatino.com\/en\/servicios\/responsabilidad-por-productos-defectuosos\/\">Liability for Defective Products<\/a><\/h3><p class=\"box-text\">If a defective product you caused the damage, you could be entitled to compensation. We will connect you with an attorney.\n\n<\/p><\/div><a href=\"https:\/\/sudefensorlatino.com\/en\/servicios\/responsabilidad-por-productos-defectuosos\/\" class=\"link-btn\">Read More<i class=\"fa-regular fa-arrow-right-long\"><\/i><\/a><\/div><\/div><div class=\"col-xl-4 col-md-6\"><div class=\"service-card\"><div class=\"box-icon\"><img decoding=\"async\" src=\"https:\/\/sudefensorlatino.com\/wp-content\/uploads\/2025\/07\/lesion-propiedad-otra-persona.svg\" alt=\"lesion propiedad otra persona\"  \/><\/div><div class=\"box-content\"><h3 class=\"box-title\"><a href=\"https:\/\/sudefensorlatino.com\/en\/servicios\/responsabilidad-de-propiedades\/\">Responsibility of Properties<\/a><\/h3><p class=\"box-text\">Do you lesionaste in the property of another person by an unsafe condition? You might have a legal case.<\/p><\/div><a href=\"https:\/\/sudefensorlatino.com\/en\/servicios\/responsabilidad-de-propiedades\/\" class=\"link-btn\">Read More<i class=\"fa-regular fa-arrow-right-long\"><\/i><\/a><\/div><\/div><\/div>\t\t\t\t<\/div>\n\t\t\t\t<\/div>\n\t\t\t\t\t<\/div>\n\t\t\t\t<\/div>\n\t\t\t\t<\/div>","protected":false},"excerpt":{"rendered":"<p>Casos que importan. Personas que importan. Cada caso que recibimos es una vida que merece atenci\u00f3n y respeto En Su Defensor Latino no tratamos tu situaci\u00f3n como un simple n\u00famero en una lista. Para nosotros, cada persona que nos contacta es una historia real que merece justicia y orientaci\u00f3n humana. Por eso, cuando te ayudamos&#8230;<\/p>","protected":false},"author":1,"featured_media":0,"parent":0,"menu_order":0,"comment_status":"closed","ping_status":"closed","template":"template-builder.php","meta":{"footnotes":""},"class_list":["post-4042","page","type-page","status-publish","hentry"],"aioseo_notices":[],"_links":{"self":[{"href":"https:\/\/sudefensorlatino.com\/en\/wp-json\/wp\/v2\/pages\/4042","targetHints":{"allow":["GET"]}}],"collection":[{"href":"https:\/\/sudefensorlatino.com\/en\/wp-json\/wp\/v2\/pages"}],"about":[{"href":"https:\/\/sudefensorlatino.com\/en\/wp-json\/wp\/v2\/types\/page"}],"author":[{"embeddable":true,"href":"https:\/\/sudefensorlatino.com\/en\/wp-json\/wp\/v2\/users\/1"}],"replies":[{"embeddable":true,"href":"https:\/\/sudefensorlatino.com\/en\/wp-json\/wp\/v2\/comments?post=4042"}],"version-history":[{"count":51,"href":"https:\/\/sudefensorlatino.com\/en\/wp-json\/wp\/v2\/pages\/4042\/revisions"}],"predecessor-version":[{"id":4583,"href":"https:\/\/sudefensorlatino.com\/en\/wp-json\/wp\/v2\/pages\/4042\/revisions\/4583"}],"wp:attachment":[{"href":"https:\/\/sudefensorlatino.com\/en\/wp-json\/wp\/v2\/media?parent=4042"}],"curies":[{"name":"wp","href":"https:\/\/api.w.org\/{rel}","templated":true}]}}